{"id":992,"date":"2019-01-14T10:26:30","date_gmt":"2019-01-14T10:26:30","guid":{"rendered":"https:\/\/www.lpafilmfestival.com\/mecas?page_id=992"},"modified":"2022-12-06T20:32:22","modified_gmt":"2022-12-06T20:32:22","slug":"jurado-y-expertos-3-4","status":"publish","type":"page","link":"https:\/\/www.lpafilmfestival.com\/mecas?page_id=992","title":{"rendered":"sobre mecas\/about mecas"},"content":{"rendered":"<div id=\"cs-content\" class=\"cs-content\"><\/div>\n","protected":false},"excerpt":{"rendered":"<p>SOBRE MECAS \/ ABOUT MECAS\u00bfqu\u00e9 es MECAS? MECAS, MErcado internacional de cine CASi hecho, naci\u00f3 en el a\u00f1o 2017 y tiene objetivo fundamental proporcionar un espacio de intercambio, encuentros y premios destinados a la finalizaci\u00f3n, post-producci\u00f3n y distribuci\u00f3n en festivales para aquellos proyectos en fases finales de producci\u00f3n y que prioricen en la b\u00fasqueda art\u00edstica. Desde su 4 edici\u00f3n MECAS &#8230;<\/p>\n","protected":false},"author":2,"featured_media":0,"parent":0,"menu_order":0,"comment_status":"closed","ping_status":"closed","template":"template-blank-4.php","meta":{"footnotes":""},"class_list":["post-992","page","type-page","status-publish","hentry","no-post-thumbnail"],"_links":{"self":[{"href":"https:\/\/www.lpafilmfestival.com\/mecas\/index.php?rest_route=\/wp\/v2\/pages\/992","targetHints":{"allow":["GET"]}}],"collection":[{"href":"https:\/\/www.lpafilmfestival.com\/mecas\/index.php?rest_route=\/wp\/v2\/pages"}],"about":[{"href":"https:\/\/www.lpafilmfestival.com\/mecas\/index.php?rest_route=\/wp\/v2\/types\/page"}],"author":[{"embeddable":true,"href":"https:\/\/www.lpafilmfestival.com\/mecas\/index.php?rest_route=\/wp\/v2\/users\/2"}],"replies":[{"embeddable":true,"href":"https:\/\/www.lpafilmfestival.com\/mecas\/index.php?rest_route=%2Fwp%2Fv2%2Fcomments&post=992"}],"version-history":[{"count":25,"href":"https:\/\/www.lpafilmfestival.com\/mecas\/index.php?rest_route=\/wp\/v2\/pages\/992\/revisions"}],"predecessor-version":[{"id":5499,"href":"https:\/\/www.lpafilmfestival.com\/mecas\/index.php?rest_route=\/wp\/v2\/pages\/992\/revisions\/5499"}],"wp:attachment":[{"href":"https:\/\/www.lpafilmfestival.com\/mecas\/index.php?rest_route=%2Fwp%2Fv2%2Fmedia&parent=992"}],"curies":[{"name":"wp","href":"https:\/\/api.w.org\/{rel}","templated":true}]}}