{"id":9778,"date":"2025-01-24T11:45:21","date_gmt":"2025-01-24T11:45:21","guid":{"rendered":"https:\/\/www.lpafilmfestival.com\/mecas?page_id=9778"},"modified":"2025-04-29T11:30:44","modified_gmt":"2025-04-29T11:30:44","slug":"guia-cine-por-hacer","status":"publish","type":"page","link":"https:\/\/www.lpafilmfestival.com\/mecas?page_id=9778","title":{"rendered":"Gu\u00eda Cine por Hacer"},"content":{"rendered":"<p><b>MECAS <\/b><span style=\"font-weight: 400;\">es un espacio de encuentro para cineastas y productores\/as independientes que est\u00e9n haciendo pel\u00edculas de ficci\u00f3n, no ficci\u00f3n, narrativas y no narrativas o con car\u00e1cter experimental, pel\u00edculas con una apuesta personal.\u00a0<\/span><\/p>\n<p><span style=\"font-weight: 400;\">MECAS apuesta por el talento y por la creaci\u00f3n de <\/span><b>un cine que nace sin vocaci\u00f3n comercial<\/b><span style=\"font-weight: 400;\">, propuestas que se alejan de etiquetas, tendencias y convencionalismos, historias con una identidad propia, que conmueven al espectador.\u00a0<\/span><\/p>\n<p><b>CINE POR HACER <\/b><span style=\"font-weight: 400;\">apoyar\u00e1 proyectos que se encuentren en diversas fases de desarrollo. Tambi\u00e9n puedes echar un vistazo a la selecci\u00f3n de proyectos de nuestras pasadas ediciones.\u00a0<\/span><\/p>\n<p><b>PARA PARTICIPAR EN MECAS CINE POR HACER<\/b> <b>(LEER ANTES DE ENVIAR TU PROPUESTA)\u00a0<\/b><\/p>\n<ul>\n<li><span style=\"font-weight: 400;\">Tu proyecto ha de estar en fase de escritura de guion y\/o b\u00fasqueda de financiaci\u00f3n.\u00a0<\/span><\/li>\n<li><span style=\"font-weight: 400;\">Tendr\u00e1 una duraci\u00f3n m\u00ednima de 60 minutos.\u00a0<\/span><\/li>\n<li><span style=\"font-weight: 400;\">Podr\u00e1 ser ficci\u00f3n, no ficci\u00f3n o todo aquello que se mueve en medio. <\/span><\/li>\n<li><span style=\"font-weight: 400;\">Podr\u00e1n presentarse proyectos de Europa y Latinoam\u00e9rica.\u00a0<\/span><\/li>\n<li><span style=\"font-weight: 400;\">No es necesario que los solicitantes cuenten con un\/a productor\/a ni con financiaci\u00f3n asegurada.\u00a0<\/span><\/li>\n<li><span style=\"font-weight: 400;\">Si el proyecto ya tiene un productor o productora asociada es preferible que todav\u00eda no cuente con coproducci\u00f3n, ya que MECAS es un espacio para encontrar productoras aliadas.\u00a0<\/span><\/li>\n<li><span style=\"font-weight: 400;\">Todos los solicitantes <\/span><b>deben completar el <\/b><b>formulario <\/b><span style=\"font-weight: 400;\">para proyectos de Cine por Hacer ENTRY FILMS TO BE MADE\u00a0<\/span><\/li>\n<li><span style=\"font-weight: 400;\">Todas las personas que quieran participar deben <\/span><b>enviar un dossier con la siguiente informaci\u00f3n<\/b><span style=\"font-weight: 400;\">.\u00a0<\/span><\/li>\n<\/ul>\n<p><b>Es IMPORTANTE <\/b><span style=\"font-weight: 400;\">ajustarse a la informaci\u00f3n solicitada, <\/span><b>se descartar\u00e1n inscripciones que no se ajusten a los m\u00e1ximos de extensi\u00f3n requeridos:\u00a0<\/b><\/p>\n<ul>\n<li><b>Ficha MECAS<\/b><b>, Cine por Hacer, <\/b><span style=\"font-weight: 400;\">que puedes <a href=\"https:\/\/www.lpafilmfestival.com\/mecas\/wp-content\/uploads\/2025\/01\/FICHA-CINE-POR-HACER-2025-1.pdf\" target=\"_blank\" rel=\"noopener\">descargar <\/a><\/span><span style=\"font-weight: 400;\">aqu\u00ed<\/span><span style=\"font-weight: 400;\">.\u00a0<\/span><\/li>\n<li><span style=\"font-weight: 400;\">Biograf\u00eda del director o directora.\u00a0<\/span><\/li>\n<li><span style=\"font-weight: 400;\">Nota de intenci\u00f3n del director o directora.\u00a0<\/span><\/li>\n<li><span style=\"font-weight: 400;\">Presupuesto total resumido (1 hoja). Este presupuesto debe ser una estimaci\u00f3n si tu pel\u00edcula todav\u00eda est\u00e1 en fase de escritura entendemos que no sea una versi\u00f3n definitiva.\u00a0<\/span><\/li>\n<li><span style=\"font-weight: 400;\">Plan de financiaci\u00f3n estimado.\u00a0<\/span><\/li>\n<li><span style=\"font-weight: 400;\">Plan de distribuci\u00f3n y venta estimados (aprox. 1\/2 p\u00e1g.)\u00a0<\/span><\/li>\n<li><b> <\/b><span style=\"font-weight: 400;\">Sinopsis larga (m\u00e1x. 4 p\u00e1ginas) o bien un resumen del gui\u00f3n o del tratamiento (m\u00e1x. 8 p\u00e1ginas). <\/span><b>No env\u00edes un gui\u00f3n, ni tampoco una versi\u00f3n completa del tratamiento.<\/b><\/li>\n<li><span style=\"font-weight: 400;\">A\u00f1ade al dossier enlaces de visualizaci\u00f3n de tus trabajos anteriores, si los tienes, y un <\/span><i><span style=\"font-weight: 400;\">teaser <\/span><\/i><span style=\"font-weight: 400;\">del proyecto si est\u00e1 disponible.\u00a0<\/span><\/li>\n<li><span style=\"font-weight: 400;\">A\u00f1ade en el dossier im\u00e1genes de referencias visuales o el enlace a un<\/span> <i><span style=\"font-weight: 400;\">moodboard<\/span><\/i><span style=\"font-weight: 400;\">. Nos gusta recibir dossieres con im\u00e1genes.\u00a0<\/span><\/li>\n<li><span style=\"font-weight: 400;\">Si tienes una productora a\u00f1ade una breve nota de intenci\u00f3n del productor\/a y<\/span> <span style=\"font-weight: 400;\">breve perfil de la productora.\u00a0<\/span><\/li>\n<li><span style=\"font-weight: 400;\">Los\/as participantes deber\u00e1n presentar un plan de gastos del valor del premio<\/span> <span style=\"font-weight: 400;\">MECAS, de 5.000 \u20ac (impuestos incluidos), y a\u00f1adirlo al dossier del proyecto<\/span> <span style=\"font-weight: 400;\">presentado.\u00a0<\/span><\/li>\n<li><span style=\"font-weight: 400;\">La valoraci\u00f3n para la selecci\u00f3n se har\u00e1 a partir de la lectura del dossier que incluya una <\/span><b>sinopsis larga (m\u00e1ximo 4 p\u00e1ginas) <\/b><span style=\"font-weight: 400;\">o <\/span><b>tratamiento corto (m\u00e1ximo 8 p\u00e1ginas)\u00a0<\/b><\/li>\n<\/ul>\n<p><b>SOBRE LA SELECCI\u00d3N<\/b><b>\u00a0<\/b><\/p>\n<ul>\n<li><span style=\"font-weight: 400;\">El equipo MECAS podr\u00eda solicitar reuniones con los proyectos previa selecci\u00f3n definitiva, as\u00ed como requerir material adicional.\u00a0<\/span><\/li>\n<li><span style=\"font-weight: 400;\">Se seleccionar\u00e1 un m\u00e1ximo de 8 proyectos.\u00a0<\/span><\/li>\n<li><span style=\"font-weight: 400;\">En esta 8\u00aa edici\u00f3n de <\/span><b>MECAS Cine por Hacer <\/b><span style=\"font-weight: 400;\">dos uno de los proyectos participantes ya han sido invitados a trav\u00e9s de las colaboraci\u00f3n de MECAS y Cinema Pendent de L\u2019Alternativa Film Festival 2024\u00a0<\/span><\/li>\n<li><span style=\"font-weight: 400;\">Uno de los proyectos seleccionados estar\u00e1 dirigido por un autor\/ una autora de Canarias o bien producido por una productora canaria.\u00a0<\/span><\/li>\n<li><span style=\"font-weight: 400;\">Uno de los proyectos seleccionados ser\u00e1 susceptible de filmarse en Canarias o bien tendr\u00e1 el potencial para ser coproducido por una productora canaria. <\/span><span style=\"font-weight: 400;\">\u25cf <\/span><span style=\"font-weight: 400;\">MECAS se reserva el derecho a invitar a proyectos que considere de inter\u00e9s para esta edici\u00f3n de MECAS Cine por Hacer.\u00a0<\/span><\/li>\n<\/ul>\n<p><b>C\u00d3MO FUNCIONA UNA VEZ SELECCIONADO EL PROYECTO<\/b> <b>INFORMACI\u00d3N SOBRE LA PARTICIPACI\u00d3N<\/b><b>\u00a0<\/b><\/p>\n<p><span style=\"font-weight: 400;\">Una vez seleccionado el proyecto y antes del evento, el <\/span><b>equipo de MECAS y el equipo de cada proyecto <\/b><span style=\"font-weight: 400;\">mantendr\u00e1n una <\/span><b>reuni\u00f3n por videoconferencia <\/b><span style=\"font-weight: 400;\">para aclarar dudas y comunicar el funcionamiento de su participaci\u00f3n en MECAS. Esta reuni\u00f3n servir\u00e1 para detallar los puntos a continuaci\u00f3n:<\/span><\/p>\n<ul>\n<li><span style=\"font-weight: 400;\">MECAS se har\u00e1 cargo del alojamiento de un m\u00e1ximo de tres (3) noches de hotel y dietas de un (1) representante de cada proyecto, preferiblemente el director\/la directora o bien el productor\/ la productora. No obstante, sugerimos a cada proyecto que lo acompa\u00f1e en MECAS m\u00e1s de una persona del equipo.\u00a0<\/span><\/li>\n<li><span style=\"font-weight: 400;\">Para los participantes LATAM, la organizaci\u00f3n podr\u00e1 ofrecer una ayuda para los traslados en avi\u00f3n, pero no puede hacerse cargo de los viajes completamente. Se estudiar\u00e1 cada caso individualmente.\u00a0<\/span><\/li>\n<li><span style=\"font-weight: 400;\">Todos los participantes presentar\u00e1n su proyecto ante los expertos\/as MECAS que ser\u00e1n: representantes de festivales, mercados y laboratorios internacionales, comisariado, empresas productoras y distribuidoras, agencias de ventas y representantes de fondos cinematogr\u00e1ficos.\u00a0<\/span><\/li>\n<li><span style=\"font-weight: 400;\">El <\/span><b>idioma de presentaci\u00f3n de los proyectos ser\u00e1 el ingl\u00e9s<\/b><span style=\"font-weight: 400;\">. MECAS pone a disposici\u00f3n a un\/a traductor\/a para los participantes que lo requieran.\u00a0<\/span><\/li>\n<li><span style=\"font-weight: 400;\">Las presentaciones se hacen a modo de conversaci\u00f3n ante un p\u00fablico profesional (expertos\/as MECAS), esta conversaci\u00f3n ser\u00e1 entre el equipo de cada proyecto y un\/a moderador\/a de MECAS.\u00a0<\/span><\/li>\n<li><span style=\"font-weight: 400;\">Cada participante deber\u00e1 enviar <\/span><b>un v\u00eddeo-introductorio de su proyecto de 2 minutos m\u00e1ximo<\/b><span style=\"font-weight: 400;\">, que se proyectar\u00e1 antes de la conversaci\u00f3n con el p\u00fablico experto.\u00a0<\/span><\/li>\n<li><span style=\"font-weight: 400;\">Cada equipo contar\u00e1 con el mismo tiempo para la introducci\u00f3n de su obra, conversaci\u00f3n y posibles preguntas del p\u00fablico, 17 minutos en total.\u00a0<\/span><\/li>\n<li><span style=\"font-weight: 400;\">MECAS preparar\u00e1 una agenda de reuniones. Cada participante tendr\u00e1 la oportunidad de reunirse con los expertos\/as que mejor puedan apoyar su proyecto.\u00a0<\/span><\/li>\n<li><span style=\"font-weight: 400;\">Las personas representantes de los proyectos seleccionados deber\u00e1n asistir a las actividades organizadas por MECAS.<\/span><\/li>\n<\/ul>\n<p><b>SOBRE LOS PREMIOS<\/b><b>\u00a0<\/b><\/p>\n<p><span style=\"font-weight: 400;\">Un jurado oculto entre los expertos\/as, otorgar\u00e1 los siguientes premios:\u00a0<\/span><\/p>\n<ul>\n<li><b>Premio MECAS Cine Por Hacer: <\/b><span style=\"font-weight: 400;\">Un premio en met\u00e1lico de 5.000 Euros (impuestos incluidos) que puedes emplear en el proceso de finalizaci\u00f3n de la obra.\u00a0<\/span><\/li>\n<\/ul>\n<p><span style=\"font-weight: 400;\">Al finalizar MECAS, los proyectos ganadores deber\u00e1n presentar toda la documentaci\u00f3n administrativa para recibir el pago m\u00e1s un Plan de Gastos del premio en met\u00e1lico.\u00a0<\/span><\/p>\n<p><span style=\"font-weight: 400;\">Los siguientes premios ser\u00e1n otorgados por las empresas o laboratorios colaboradoras: <\/span><b>\u25cf <\/b><b>Premio Very Good Script: <\/b><span style=\"font-weight: 400;\">Consiste en una asesor\u00eda de gui\u00f3n con la profesional Anna Ciennik.\u00a0<\/span><\/p>\n<p><b>OTRAS ESPECIFICACIONES SOBRE LOS PREMIOS\u00a0<\/b><\/p>\n<ul>\n<li><span style=\"font-weight: 400;\">No habr\u00e1 menciones especiales ni ex aequo.\u00a0<\/span><\/li>\n<\/ul>\n<p><b>RETENCIONES FISCALES SOBRE LOS PREMIOS\u00a0<\/b><\/p>\n<ul>\n<li><span style=\"font-weight: 400;\">Los premios con econ\u00f3mica ser\u00e1n abonados previa presentaci\u00f3n de una factura con fecha del a\u00f1o de la edici\u00f3n del mercado dotaci\u00f3n y presentada dentro del a\u00f1o natural del mismo. Estos premios estar\u00e1n sujetos a retenciones fiscales de acuerdo a las leyes espa\u00f1olas. Se podr\u00e1 hacer entrega de un certificado de deducci\u00f3n, previa solicitud de la persona interesada.<\/span><\/li>\n<li><span style=\"font-weight: 400;\">En los casos en que estos pagos se efect\u00faen a personas o sociedades extranjeras residentes en un pa\u00eds con tratado de doble imposici\u00f3n con Espa\u00f1a que permitir\u00eda declarar los pagos de premios dinerarios con la deducci\u00f3n correspondiente en el pa\u00eds del receptor, las personas o sociedades extranjeras habr\u00e1n de entregar, junto con la factura, un certificado de residencia fiscal en ese pa\u00eds. En los casos en los que el pa\u00eds de residencia fiscal de la persona o sociedad premiada no tenga tratado de doble imposici\u00f3n que cubra este tipo de pagos, se estar\u00e1 a lo dispuesto en la legislaci\u00f3n espa\u00f1ola sobre retenciones fiscales.\u00a0<\/span><\/li>\n<\/ul>\n<p><b>PREMIOS F\u00cdSICOS\u00a0<\/b><\/p>\n<ul>\n<li><span style=\"font-weight: 400;\">Todos los premios incluyen la entrega de una placa o diploma, seg\u00fan el caso, al director o directora del proyecto premiado o persona representante del mismo.\u00a0<\/span><\/li>\n<\/ul>\n<p><b>COMPROMISO DE PARTICIPACI\u00d3N<\/b><b>\u00a0<\/b><\/p>\n<p><b>AL ACEPTAR LA INVITACI\u00d3N A MECAS<\/b><b>\u00a0<\/b><\/p>\n<ul>\n<li><span style=\"font-weight: 400;\">Los datos e informaci\u00f3n que se incluir\u00e1n en el <\/span><i><span style=\"font-weight: 400;\">Infobook MECAS 2025<\/span><\/i><span style=\"font-weight: 400;\">, disponible para los\/as expertos\/as y participantes del mercado, ser\u00e1n los recogidos en la hoja de inscripci\u00f3n, que ha sido completada por cada participante. La veracidad, exactitud y correcci\u00f3n de los datos aportados en espa\u00f1ol e ingl\u00e9s son responsabilidad de los\/as participantes.\u00a0<\/span><\/li>\n<li><span style=\"font-weight: 400;\">Los equipos de los proyectos seleccionados se comprometen a proporcionar a MECAS la informaci\u00f3n complementaria en los plazos requeridos para la elaboraci\u00f3n del Infobook.\u00a0<\/span><\/li>\n<li><b>El nombre y logo de MECAS, Mercado del Cine Casi Hecho \/ Festival de Cine de Las Palmas de Gran Canaria <\/b><span style=\"font-weight: 400;\">deber\u00e1n insertarse en los cr\u00e9ditos de todos los proyectos seleccionados, una vez terminados y en el caso de que tu proyecto sea ganador, deber\u00e1 insertarse en los cr\u00e9ditos iniciales de la pel\u00edcula terminada.\u00a0<\/span><\/li>\n<li><span style=\"font-weight: 400;\">MECAS se reserva el derecho de utilizar las fotograf\u00edas y materiales de promoci\u00f3n de los proyectos y cineastas enviadas por el o la titular que presenta el proyecto a MECAS para su promoci\u00f3n, anuncio en web y redes sociales, tanto de MECAS, como del Festival internacional de Cine de Las Palmas y de otras entidades colaboradoras. Asimismo, podr\u00e1n utilizar las im\u00e1genes tomadas durante la celebraci\u00f3n del evento para promoci\u00f3n, comunicaci\u00f3n y realizaci\u00f3n del <\/span><i><span style=\"font-weight: 400;\">making-of<\/span><\/i><span style=\"font-weight: 400;\">.\u00a0<\/span><\/li>\n<li><span style=\"font-weight: 400;\">Con el fin de mantener un contacto y seguimiento de cada proyecto y de compartir los \u00e9xitos\/logros que cada uno va sumando, los\/as participantes se comprometen a mantener comunicaci\u00f3n con el equipo de MECAS cuando surjan noticias de las selecciones en festivales y de otros premios obtenidos. De esta manera podremos apoyar y hacer difusi\u00f3n del recorrido de las obras que han pasado por MECAS en nuestras redes sociales.<\/span><\/li>\n<li><span style=\"font-weight: 400;\">La inscripci\u00f3n implica la aceptaci\u00f3n de estas bases.\u00a0<\/span><\/li>\n<\/ul>\n<p><b>POR FAVOR TEN EN CUENTA LO SIGUIENTE<\/b><b>\u00a0<\/b><\/p>\n<ul>\n<li><span style=\"font-weight: 400;\">La <\/span><b>fecha l\u00edmite <\/b><span style=\"font-weight: 400;\">para enviar proyectos <\/span><b>a esta convocatoria <\/b><span style=\"font-weight: 400;\">es el d\u00eda <\/span><b>20 de febrero de 2025 a las 23:59h UTC+1.\u00a0<\/b><\/li>\n<li><b>El equipo MECAS podr\u00eda hacer una preselecci\u00f3n <\/b><span style=\"font-weight: 400;\">y solicitar reuniones con los proyectos previa selecci\u00f3n definitiva, as\u00ed como requerir material adicional.\u00a0<\/span><\/li>\n<li><span style=\"font-weight: 400;\">El equipo de MECAS es muy peque\u00f1o y no podemos comunicarnos con todos los proyectos inscritos, por tanto, <\/span><b>enviaremos la notificaci\u00f3n oficial solo a aquellos proyectos seleccionados.\u00a0<\/b><\/li>\n<li><span style=\"font-weight: 400;\">Si el 31 de marzo no has recibido una comunicaci\u00f3n por nuestra parte quiere decir que tu proyecto NO ha sido seleccionado.\u00a0<\/span><\/li>\n<\/ul>\n<p><b>TRATAMIENTO DE DATOS PERSONALES\u00a0<\/b><\/p>\n<p><span style=\"font-weight: 400;\">Las personas participantes manifiestan bajo su responsabilidad la veracidad de los datos proporcionados en el proceso de inscripci\u00f3n, declarando cumplir con los requisitos establecidos en las bases. La aportaci\u00f3n de datos falsos conlleva la desestimaci\u00f3n de la solicitud de inscripci\u00f3n.\u00a0<\/span><\/p>\n<p><span style=\"font-weight: 400;\">Las personas solicitantes prestan su consentimiento para el tratamiento de los datos proporcionados en el proceso de inscripci\u00f3n a MECAS Cine Por Hacer que ser\u00e1n utilizados para la \u00fanica y exclusiva finalidad de gestionar su participaci\u00f3n en la misma.\u00a0<\/span><\/p>\n<p><span style=\"font-weight: 400;\">Los datos personales recogidos no se comunicar\u00e1n a terceros, salvo obligaci\u00f3n legal y a excepci\u00f3n de los necesarios para gestionar su participaci\u00f3n en la iniciativa.\u00a0<\/span><\/p>\n<p><span style=\"font-weight: 400;\">Las personas solicitantes prestan su consentimiento para recibir comunicaciones por parte de la organizaci\u00f3n a trav\u00e9s de la suscripci\u00f3n a su bolet\u00edn de noticias.\u00a0<\/span><\/p>\n<p><span style=\"font-weight: 400;\">Asimismo, la inscripci\u00f3n y, por consiguiente, la aceptaci\u00f3n de estas bases permiten a Promoci\u00f3n de la Ciudad de Las Palmas de Gran Canaria S.A. la captaci\u00f3n, reproducci\u00f3n y difusi\u00f3n de im\u00e1genes y\/o videos de la persona participante tomados durante la celebraci\u00f3n de MECAS y su posterior reproducci\u00f3n y\/o difusi\u00f3n a trav\u00e9s de cualquier medio de comunicaci\u00f3n del MECAS, el Festival Internacional de Cine las Palmas de Gran Canaria y Promoci\u00f3n de la Ciudad de las Palmas de Gran Canaria S.A, para la totalidad de usos que pueda tener estas y para cualquier aplicaci\u00f3n.<\/span><\/p>\n<p><b>JURISDICCI\u00d3N\u00a0<\/b><\/p>\n<p><span style=\"font-weight: 400;\">En caso de no lograrse resoluci\u00f3n amistosa entre las partes de cualquier conflicto que pudiera surgir, las partes se someter\u00e1n a la jurisdicci\u00f3n de los Juzgados y Tribunales de Las Palmas de Gran Canaria, con expresa renuncia a su propio foro.\u00a0<\/span><\/p>\n<p><b>ACEPTACI\u00d3N DE LAS BASES\u00a0<\/b><\/p>\n<p><span style=\"font-weight: 400;\">La inscripci\u00f3n supone la aceptaci\u00f3n expresa y completa de las presentes bases, siendo competencia de la organizaci\u00f3n la resoluci\u00f3n de cualquier incidencia o conflicto surgido y no contemplado en estas bases, siendo \u00e9sta inapelable.\u00a0<\/span><\/p>\n<p><span style=\"font-weight: 400;\">Promoci\u00f3n de la Ciudad de Las Palmas de Gran Canaria S.A. entidad organizadora de MECAS, se reserva el derecho a realizar modificaciones sobre las presentes bases o a\u00f1adir anexos sucesivos, que ser\u00e1n comunicados debidamente durante el per\u00edodo que comprende la actual convocatoria.\u00a0<\/span><\/p>\n<p><b>Para cualquier duda escr\u00edbenos a <\/b><b>mecas@lpafilmfestival.com <\/b><span style=\"font-weight: 400;\">\/ <\/span><b>mecas3@lpafilmfestival.com<\/b><\/p>\n","protected":false},"excerpt":{"rendered":"<p>MECAS es un espacio de encuentro para cineastas y productores\/as independientes que est\u00e9n haciendo pel\u00edculas de ficci\u00f3n, no ficci\u00f3n, narrativas y no narrativas o con car\u00e1cter experimental, pel\u00edculas con una apuesta personal.\u00a0 MECAS apuesta por el talento y por la creaci\u00f3n de un cine que nace sin vocaci\u00f3n comercial, propuestas que se alejan de etiquetas, tendencias y convencionalismos, historias con &#8230;<\/p>\n","protected":false},"author":1,"featured_media":0,"parent":0,"menu_order":0,"comment_status":"closed","ping_status":"closed","template":"","meta":{"footnotes":""},"class_list":["post-9778","page","type-page","status-publish","hentry","no-post-thumbnail"],"_links":{"self":[{"href":"https:\/\/www.lpafilmfestival.com\/mecas\/index.php?rest_route=\/wp\/v2\/pages\/9778","targetHints":{"allow":["GET"]}}],"collection":[{"href":"https:\/\/www.lpafilmfestival.com\/mecas\/index.php?rest_route=\/wp\/v2\/pages"}],"about":[{"href":"https:\/\/www.lpafilmfestival.com\/mecas\/index.php?rest_route=\/wp\/v2\/types\/page"}],"author":[{"embeddable":true,"href":"https:\/\/www.lpafilmfestival.com\/mecas\/index.php?rest_route=\/wp\/v2\/users\/1"}],"replies":[{"embeddable":true,"href":"https:\/\/www.lpafilmfestival.com\/mecas\/index.php?rest_route=%2Fwp%2Fv2%2Fcomments&post=9778"}],"version-history":[{"count":6,"href":"https:\/\/www.lpafilmfestival.com\/mecas\/index.php?rest_route=\/wp\/v2\/pages\/9778\/revisions"}],"predecessor-version":[{"id":10851,"href":"https:\/\/www.lpafilmfestival.com\/mecas\/index.php?rest_route=\/wp\/v2\/pages\/9778\/revisions\/10851"}],"wp:attachment":[{"href":"https:\/\/www.lpafilmfestival.com\/mecas\/index.php?rest_route=%2Fwp%2Fv2%2Fmedia&parent=9778"}],"curies":[{"name":"wp","href":"https:\/\/api.w.org\/{rel}","templated":true}]}}