{"id":795,"date":"2018-04-02T06:49:46","date_gmt":"2018-04-02T06:49:46","guid":{"rendered":"https:\/\/www.lpafilmfestival.com\/mecas2?page_id=795"},"modified":"2019-02-21T12:18:28","modified_gmt":"2019-02-21T12:18:28","slug":"jurado-y-expertos-2","status":"publish","type":"page","link":"https:\/\/www.lpafilmfestival.com\/mecas?page_id=795","title":{"rendered":"ISLA MECAS 2019"},"content":{"rendered":"<p><strong>El MERCADO DEL CINE CASI HECHO<\/strong> abre la convocatoria para participar en <strong>ISLA MECAS<\/strong>, apartado dirigido a proyectos en estado de desarrollo o Work in Progress canarios. <\/p>\n<p>Seis (6) proyectos seleccionados para ISLA MECAS 2019 tendr\u00e1n la oportunidad de participar en una sesi\u00f3n de trabajo intensivo bajo el programa EAVE on demand.<\/p>\n<p>El taller contar\u00e1 con tutores de alto nivel e implementar\u00e1 la experiencia que EAVE tiene en la capacitaci\u00f3n y la creaci\u00f3n de redes internacionales con un enfoque hecho a la medida de los productores participantes y las necesidades de cada proyecto.<\/p>\n<p>Este taller est\u00e1 dirigido a productores y cineastas canarios con proyectos en desarrollo o WIP.  Tambi\u00e9n se aceptar\u00e1n solicitudes de productores sin proyectos que quieran beneficiarse de todo lo que ofrece el programa EAVE on demand.   <\/p>\n<p>Podr\u00e1n participar en la sesi\u00f3n EAVE un m\u00e1ximo de seis (6) participantes <\/p>\n<p>Cada uno de los proyectos se analizar\u00e1 desde perspectivas distintas: guion, desarrollo, producci\u00f3n, financiaci\u00f3n, ventas y lanzamiento, brindando a los participantes las herramientas necesarias para tener \u00e9xito en el mercado internacional. <\/p>\n<p>La sesi\u00f3n se desarrollar\u00e1 desde las 09:00 horas hasta las 20:00 horas del<br \/>\n23 de marzo.<\/p>\n<p>Esta jornada de trabajo ser\u00e1 tutorizada por Agustina Chiarino (MUTANTE CINEMA- http:\/\/www.mutantecine.com\/es\/)<\/p>\n<p>QUI\u00c9N PUEDE PARTICIPAR:<\/p>\n<p>Productores\/as que deseen impulsar su proyecto en desarrollo a escala internacional y crear relaciones creativas y profesionales con Europa.<\/p>\n<p>Directores\/as con proyectos en desarrollo de ficci\u00f3n o no ficci\u00f3n que quieran potenciar su proyecto en mercados y festivales de cine internacionales.<\/p>\n<p>Productores\/as y directores\/as con proyectos viables para coproducir internacionalmente. <\/p>\n<p>Se aceptan, adem\u00e1s, solicitudes de productores\/as sin proyectos que quieran beneficiarse de todo lo que ofrece el programa. <\/p>\n<p> REQUISITOS PARA LA APLICACI\u00d3N:<\/p>\n<p>Los\/as interesados\/as en participar con un proyecto en desarrollo deber\u00e1n enviar la siguiente documentaci\u00f3n a mecas@lpafilmfestival.com<\/p>\n<p><strong>1.   Un dossier de un m\u00e1ximo 8 p\u00e1ginas que contenga:<\/p>\n<p>&#8211; Sinopsis del proyecto<\/p>\n<p>&#8211; Presupuesto general \u2013 Budget top sheet<\/p>\n<p>&#8211; Plan de financiaci\u00f3n<\/p>\n<p>&#8211; Nota de intenciones del productor\/a<\/p>\n<p>&#8211; Nota de intenciones del director\/a<\/p>\n<p>&#8211; Nota de intenciones del guionista<\/p>\n<p>&#8211; CV del productor\/a<\/p>\n<p>&#8211; CV del director\/a<\/p>\n<p>&#8211; Perfil de la productora<\/p>\n<p>&#8211; im\u00e1genes y enlaces visuales de anteriores trabajos del director\/a.<\/p>\n<p>2.  Tratamiento del guion corta<\/p>\n<p>3.  Fotograf\u00edas y datos de contacto de los participantes<\/strong><\/p>\n<p>Si est\u00e1s interesado en participar como productor y no tienes un proyecto, env\u00edanos una breve descripci\u00f3n de tu compa\u00f1\u00eda productora y una lista de sus producciones en desarrollo, pre-producci\u00f3n, producci\u00f3n y ya estrenados. Especificar si han sido distribuidas en festivales, salas de cine, tv, dvd o vod&#8230;  <\/p>\n<p>SOBRE EAVE<\/p>\n<p>EAVE es una organizaci\u00f3n de capacitaci\u00f3n profesional, desarrollo de proyectos y redes para productores audiovisuales en Europa que trabaja con una red mundial de socios en Europa, Rusia, Am\u00e9rica Latina, Pa\u00edses \u00c1rabes, Asia y \u00c1frica. Dicha red comprende m\u00e1s de 1.200 productores, financieros, agentes de ventas, distribuidores, marketing, etc. Sus objetivos son proporcionar oportunidades de preparaci\u00f3n profesional y reunir a productores de diferentes regiones del mundo con el objetivo de facilitar las relaciones de coproducci\u00f3n.<br \/>\nwww.eave.org<\/p>\n<p>TUTORA:  AGUSTINA CHIARINO<\/p>\n<p>Agustina Chiarino naci\u00f3 en Montevideo en 1977. Es T\u00e9cnica en Ciencias Pol\u00edticas, Licenciada en Comunicaci\u00f3n y M\u00e1ster en Documental Creativo.<\/p>\n<p>En sus inicios trabaj\u00f3 en proyectos editoriales en M\u00e9xico (entre ellos el libro de la pel\u00edcula \u00abY tu mam\u00e1 tambi\u00e9n\u00bb) y v\u00eddeos dirigidos por Juan Carlos Rulfo expuestos en museos, adem\u00e1s de producir varios cortometrajes y videos musicales. \u00abLa disc\u00edpula del vel\u00f3cimetro\u00bb del artista Miguel Calder\u00f3n fue su primer largometraje como productora; se exhibi\u00f3 en el Festival de Rotterdam y en el Centre Pompidou en 2009.<\/p>\n<p>En 2007, se uni\u00f3 a Control Z Films y produjo los largometrajes \u00abGigante\u00bb (2009), dirigido por Adri\u00e1n Biniez (ganador del Oso de Plata-Gran Premio del Jurado, el Premio Alfred Bauer y el premio a la Mejor Opera Prima en la Berlinale), \u00abHiroshima\u00bb  (2009, Festival de Toronto), \u00ab3\u00bb (2012, Quincena de Realizadores de Cannes), ambos dirigidos por Pablo Stoll, y \u00abTanta agua\u00bb (2013), de Ana Guevara y Leticia Jorge, film que particip\u00f3 en la 21\u00aa edici\u00f3n de Cine en Construcci\u00f3n del Festival de San Sebasti\u00e1n y, posteriormente, en la secci\u00f3n Panorama del Festival de Berl\u00edn.<\/p>\n<p>En 2011 fund\u00f3 Mutante Cine  junto a Fernando Epstein. Produjeron \u00abEl 5 de talleres\u00bb (2014), segunda pel\u00edcula de Biniez (secci\u00f3n Venice Days del Festival de Venecia) y coprodujeron \u00abHistoria del miedo\u00bb (2014), de Benjamin Naishtat (Festival de Berl\u00edn) y \u00abMi amiga del parque\u00bb (2015), de Ana Katz. Adem\u00e1s, desde el a\u00f1o 2012, realizan el taller de formaci\u00f3n Puentes, en asociaci\u00f3n con EAVE, para la formaci\u00f3n de productores ejecutivos europeos y latinoamericanos con proyectos en etapa de desarrollo.<\/p>\n<p>Fue responsable del desarrollo de nuevos proyectos y coproducciones en Canal 10 de Uruguay y docente en la Universidad Cat\u00f3lica. Ha participado a nivel internacional dictando talleres, como asesora y expositora en actividades de formaci\u00f3n y foros, y ha sido jurado en fondos de desarrollo y festivales internacionales.<\/p>\n","protected":false},"excerpt":{"rendered":"<p>El MERCADO DEL CINE CASI HECHO abre la convocatoria para participar en ISLA MECAS, apartado dirigido a proyectos en estado de desarrollo o Work in Progress canarios. Seis (6) proyectos seleccionados para ISLA MECAS 2019 tendr\u00e1n la oportunidad de participar en una sesi\u00f3n de trabajo intensivo bajo el programa EAVE on demand. El taller contar\u00e1 con tutores de alto nivel &#8230;<\/p>\n","protected":false},"author":1,"featured_media":0,"parent":0,"menu_order":0,"comment_status":"closed","ping_status":"closed","template":"template-blank-4.php","meta":{"footnotes":""},"class_list":["post-795","page","type-page","status-publish","hentry","no-post-thumbnail"],"_links":{"self":[{"href":"https:\/\/www.lpafilmfestival.com\/mecas\/index.php?rest_route=\/wp\/v2\/pages\/795","targetHints":{"allow":["GET"]}}],"collection":[{"href":"https:\/\/www.lpafilmfestival.com\/mecas\/index.php?rest_route=\/wp\/v2\/pages"}],"about":[{"href":"https:\/\/www.lpafilmfestival.com\/mecas\/index.php?rest_route=\/wp\/v2\/types\/page"}],"author":[{"embeddable":true,"href":"https:\/\/www.lpafilmfestival.com\/mecas\/index.php?rest_route=\/wp\/v2\/users\/1"}],"replies":[{"embeddable":true,"href":"https:\/\/www.lpafilmfestival.com\/mecas\/index.php?rest_route=%2Fwp%2Fv2%2Fcomments&post=795"}],"version-history":[{"count":12,"href":"https:\/\/www.lpafilmfestival.com\/mecas\/index.php?rest_route=\/wp\/v2\/pages\/795\/revisions"}],"predecessor-version":[{"id":1178,"href":"https:\/\/www.lpafilmfestival.com\/mecas\/index.php?rest_route=\/wp\/v2\/pages\/795\/revisions\/1178"}],"wp:attachment":[{"href":"https:\/\/www.lpafilmfestival.com\/mecas\/index.php?rest_route=%2Fwp%2Fv2%2Fmedia&parent=795"}],"curies":[{"name":"wp","href":"https:\/\/api.w.org\/{rel}","templated":true}]}}