{"id":3764,"date":"2022-03-22T07:17:27","date_gmt":"2022-03-22T07:17:27","guid":{"rendered":"https:\/\/www.lpafilmfestival.com\/mecas?page_id=3764"},"modified":"2022-03-22T07:17:29","modified_gmt":"2022-03-22T07:17:29","slug":"isla-mecas-2022","status":"publish","type":"page","link":"https:\/\/www.lpafilmfestival.com\/mecas?page_id=3764","title":{"rendered":"ISLA MECAS 2022"},"content":{"rendered":"\n<div class=\"wp-block-contact-form-7-contact-form-selector\">\n<div class=\"wpcf7 no-js\" id=\"wpcf7-f3763-o1\" lang=\"es-ES\" dir=\"ltr\" data-wpcf7-id=\"3763\">\n<div class=\"screen-reader-response\"><p role=\"status\" aria-live=\"polite\" aria-atomic=\"true\"><\/p> <ul><\/ul><\/div>\n<form action=\"\/mecas\/index.php?rest_route=%2Fwp%2Fv2%2Fpages%2F3764#wpcf7-f3763-o1\" method=\"post\" class=\"wpcf7-form init\" aria-label=\"Contact form\" enctype=\"multipart\/form-data\" novalidate=\"novalidate\" data-status=\"init\">\n<fieldset class=\"hidden-fields-container\"><input type=\"hidden\" name=\"_wpcf7\" value=\"3763\" \/><input type=\"hidden\" name=\"_wpcf7_version\" value=\"6.1.5\" \/><input type=\"hidden\" name=\"_wpcf7_locale\" value=\"es_ES\" \/><input type=\"hidden\" name=\"_wpcf7_unit_tag\" value=\"wpcf7-f3763-o1\" \/><input type=\"hidden\" name=\"_wpcf7_container_post\" value=\"0\" \/><input type=\"hidden\" name=\"_wpcf7_posted_data_hash\" value=\"\" \/><input type=\"hidden\" name=\"_wpcf7_recaptcha_response\" value=\"\" \/>\n<\/fieldset>\n<div style=\"text-align:center;font-size:20px;\">\n\t<p><strong>ISLA MECAS 2022<\/strong>\n\t<\/p>\n<\/div>\n<hr \/>\n<div style=\"text-align:center;color:black\">\n\t<p style=\"color:black\">La informaci\u00f3n proporcionada ser\u00e1 la misma que se utilizar\u00e1 en el dossier-cat\u00e1logo de MECAS 2022\n\t<\/p>\n<\/div>\n<div style=\"text-align:center;color:black\">\n\t<p style=\"color:black\">Todos los campos son requeridos\n\t<\/p>\n<hr \/>\n<\/div>\n<p>Te presentas en:<br \/>\n<span class=\"wpcf7-form-control-wrap\" data-name=\"presentas\"><span class=\"wpcf7-form-control wpcf7-radio\"><span class=\"wpcf7-list-item first\"><label><input type=\"radio\" name=\"presentas\" value=\"Isla MECAS Casi Hecho (WIP)\" checked=\"checked\" \/><span class=\"wpcf7-list-item-label\">Isla MECAS Casi Hecho (WIP)<\/span><\/label><\/span><span class=\"wpcf7-list-item last\"><label><input type=\"radio\" name=\"presentas\" value=\"Isla MECAS Por Hacer (Desarrollo)\" \/><span class=\"wpcf7-list-item-label\">Isla MECAS Por Hacer (Desarrollo)<\/span><\/label><\/span><\/span><\/span>\n<\/p>\n<p><label> Nombre<br \/>\n<span class=\"wpcf7-form-control-wrap\" data-name=\"your-name\"><input size=\"40\" maxlength=\"400\" class=\"wpcf7-form-control wpcf7-text wpcf7-validates-as-required\" aria-required=\"true\" aria-invalid=\"false\" value=\"\" type=\"text\" name=\"your-name\" \/><\/span> <\/label>\n<\/p>\n<p><label> Correo electr\u00f3nico<br \/>\n<span class=\"wpcf7-form-control-wrap\" data-name=\"your-email\"><input size=\"40\" maxlength=\"400\" class=\"wpcf7-form-control wpcf7-email wpcf7-validates-as-required wpcf7-text wpcf7-validates-as-email\" aria-required=\"true\" aria-invalid=\"false\" value=\"\" type=\"email\" name=\"your-email\" \/><\/span> <\/label>\n<\/p>\n<p><label> T\u00edtulo del proyecto<br \/>\n<span class=\"wpcf7-form-control-wrap\" data-name=\"titulo-proyecto\"><input size=\"40\" maxlength=\"400\" class=\"wpcf7-form-control wpcf7-text wpcf7-validates-as-required\" aria-required=\"true\" aria-invalid=\"false\" value=\"\" type=\"text\" name=\"titulo-proyecto\" \/><\/span> <\/label>\n<\/p>\n<p><label >Productor\/es:<br \/>\n<span class=\"wpcf7-form-control-wrap\" data-name=\"nombre-productores\"><input size=\"40\" maxlength=\"400\" class=\"wpcf7-form-control wpcf7-text wpcf7-validates-as-required\" aria-required=\"true\" aria-invalid=\"false\" value=\"\" type=\"text\" name=\"nombre-productores\" \/><\/span><br \/>\n<\/label>\n<\/p>\n<p><label>Nombre de la compa\u00f1\u00eda productora:<br \/>\n<span class=\"wpcf7-form-control-wrap\" data-name=\"nombre-productora\"><input size=\"40\" maxlength=\"400\" class=\"wpcf7-form-control wpcf7-text wpcf7-validates-as-required\" aria-required=\"true\" aria-invalid=\"false\" value=\"\" type=\"text\" name=\"nombre-productora\" \/><\/span><br \/>\n<\/label>\n<\/p>\n<p><label>Director\/a:<br \/>\n<span class=\"wpcf7-form-control-wrap\" data-name=\"nombre-director\"><input size=\"40\" maxlength=\"400\" class=\"wpcf7-form-control wpcf7-text wpcf7-validates-as-required\" aria-required=\"true\" aria-invalid=\"false\" value=\"\" type=\"text\" name=\"nombre-director\" \/><\/span><br \/>\n<\/label>\n<\/p>\n<p><label>Logline del proyecto EN ESPA\u00d1OL (2 l\u00edneas):<br \/>\n<span class=\"wpcf7-form-control-wrap logline-es\"><textarea cols=\"40\" rows=\"10\" class=\"wpcf7-form-control wpcf7-textarea wpcf7-validates-as-required\" aria-required=\"true\" aria-invalid=\"false\" name=\"logline-es\"><\/textarea><\/span><br \/>\n<\/label>\n<\/p>\n<p><label>Logline del proyecto EN INGL\u00c9S (2 l\u00edneas):<br \/>\n<span class=\"wpcf7-form-control-wrap logline-en\"><textarea cols=\"40\" rows=\"10\" class=\"wpcf7-form-control wpcf7-textarea wpcf7-validates-as-required\" aria-required=\"true\" aria-invalid=\"false\" name=\"logline-en\"><\/textarea><\/span><br \/>\n<\/label>\n<\/p>\n<p><label>Indica en qu\u00e9 Labs o Mercados ha participado antes tu proyecto:<br \/>\n<span class=\"wpcf7-form-control-wrap has-participado-lab\"><textarea cols=\"40\" rows=\"10\" class=\"wpcf7-form-control wpcf7-textarea wpcf7-validates-as-required\" aria-required=\"true\" aria-invalid=\"false\" name=\"has-participado-lab\"><\/textarea><\/span><br \/>\n<\/label>\n<\/p>\n<p><label>Perfil del productor\/a y de la compa\u00f1\u00eda productora EN ESPA\u00d1OL, M\u00e1ximo 75 palabras<br \/>\n<span class=\"wpcf7-form-control-wrap perfil-productor-es\"><textarea cols=\"40\" rows=\"10\" class=\"wpcf7-form-control wpcf7-textarea wpcf7-validates-as-required\" data-maxwc=\"75\" aria-required=\"true\" aria-invalid=\"false\" name=\"perfil-productor-es\"><\/textarea><span class=\"wpcf7wc-msg\"><br \/><br \/><input type=\"text\" name=\"wcount_perfil-productor-es\" id=\"wcount_perfil-productor-es\" size=\"3\" maxlength=\"5\" style=\"text-align:center; width: auto\" value=\"\" readonly=\"readonly\" \/> words. Please limit to 75 words or less.<\/span><\/span><br \/>\n<\/label>\n<\/p>\n<p><label>Perfil del productor\/a y de la compa\u00f1\u00eda productora EN INGL\u00c9S, M\u00e1ximo 75 palabras<br \/>\n<span class=\"wpcf7-form-control-wrap perfil-productor-en\"><textarea cols=\"40\" rows=\"10\" class=\"wpcf7-form-control wpcf7-textarea wpcf7-validates-as-required\" data-maxwc=\"75\" aria-required=\"true\" aria-invalid=\"false\" name=\"perfil-productor-en\"><\/textarea><span class=\"wpcf7wc-msg\"><br \/><br \/><input type=\"text\" name=\"wcount_perfil-productor-en\" id=\"wcount_perfil-productor-en\" size=\"3\" maxlength=\"5\" style=\"text-align:center; width: auto\" value=\"\" readonly=\"readonly\" \/> words. Please limit to 75 words or less.<\/span><\/span><br \/>\n<\/label>\n<\/p>\n<p><label> Enlaces con trabajos previos del productor\/ de la empresa productora:<br \/>\n<span class=\"wpcf7-form-control-wrap enlaces-trabajos\"><textarea cols=\"40\" rows=\"10\" class=\"wpcf7-form-control wpcf7-textarea wpcf7-validates-as-required\" aria-required=\"true\" aria-invalid=\"false\" name=\"enlaces-trabajos\"><\/textarea><\/span><br \/>\n<\/label>\n<\/p>\n<p><label>Enlaces con trabajos previos del\/ de la directora\/a:<br \/>\n<span class=\"wpcf7-form-control-wrap enlaces-trabajos-previos\"><textarea cols=\"40\" rows=\"10\" class=\"wpcf7-form-control wpcf7-textarea wpcf7-validates-as-required\" aria-required=\"true\" aria-invalid=\"false\" name=\"enlaces-trabajos-previos\"><\/textarea><\/span><br \/>\n<\/label>\n<\/p>\n<p><label>Enlace con teaser del proyecto que presenta:<br \/>\n<span class=\"wpcf7-form-control-wrap enlace-teaser-proyecto\"><textarea cols=\"40\" rows=\"10\" class=\"wpcf7-form-control wpcf7-textarea wpcf7-validates-as-required\" aria-required=\"true\" aria-invalid=\"false\" name=\"enlace-teaser-proyecto\"><\/textarea><\/span><br \/>\n<\/label>\n<\/p>\n<p><label>Biograf\u00eda y filmograf\u00eda del director \/es EN ESPA\u00d1OL, m\u00e1ximo 75 palabras<br \/>\n<span class=\"wpcf7-form-control-wrap bio-film-es\"><textarea cols=\"40\" rows=\"10\" class=\"wpcf7-form-control wpcf7-textarea wpcf7-validates-as-required\" data-maxwc=\"75\" aria-required=\"true\" aria-invalid=\"false\" name=\"bio-film-es\"><\/textarea><span class=\"wpcf7wc-msg\"><br \/><br \/><input type=\"text\" name=\"wcount_bio-film-es\" id=\"wcount_bio-film-es\" size=\"3\" maxlength=\"5\" style=\"text-align:center; width: auto\" value=\"\" readonly=\"readonly\" \/> words. Please limit to 75 words or less.<\/span><\/span><br \/>\n<\/label>\n<\/p>\n<p><label>Biograf\u00eda y filmograf\u00eda del director \/es EN INGL\u00c9S, m\u00e1ximo 75 palabras<br \/>\n<span class=\"wpcf7-form-control-wrap bio-film-en\"><textarea cols=\"40\" rows=\"10\" class=\"wpcf7-form-control wpcf7-textarea wpcf7-validates-as-required\" data-maxwc=\"75\" aria-required=\"true\" aria-invalid=\"false\" name=\"bio-film-en\"><\/textarea><span class=\"wpcf7wc-msg\"><br \/><br \/><input type=\"text\" name=\"wcount_bio-film-en\" id=\"wcount_bio-film-en\" size=\"3\" maxlength=\"5\" style=\"text-align:center; width: auto\" value=\"\" readonly=\"readonly\" \/> words. Please limit to 75 words or less.<\/span><\/span><br \/>\n<\/label><br \/>\n<hr \/>\n<\/p>\n<h5> ADJUNTA LOS SIGUIENTES ARCHIVOS (m\u00e1x 2MB cada uno)\n<\/h5>\n<p><label> Sinopsis de 1\/2 P\u00e1gina<span style=\"color:red;\"><strong>(M\u00c1XIMO:2MB)<\/strong><\/span><\/label><br \/>\n<span class=\"wpcf7-form-control-wrap\" data-name=\"sinopsis\"><input size=\"40\" class=\"wpcf7-form-control wpcf7-file wpcf7-validates-as-required\" accept=\"audio\/*,video\/*,image\/*\" aria-required=\"true\" aria-invalid=\"false\" type=\"file\" name=\"sinopsis\" \/><\/span><br \/>\n<hr \/>\n<\/p>\n<p><label> Presupuesto resumido en partidas<span style=\"color:red;\"><strong>(M\u00c1XIMO:2MB)<\/strong><\/span><\/label><br \/>\n<span class=\"wpcf7-form-control-wrap\" data-name=\"presupuesto-partidas\"><input size=\"40\" class=\"wpcf7-form-control wpcf7-file wpcf7-validates-as-required\" accept=\"audio\/*,video\/*,image\/*\" aria-required=\"true\" aria-invalid=\"false\" type=\"file\" name=\"presupuesto-partidas\" \/><\/span><br \/>\n<hr \/>\n<\/p>\n<p><label> Plan de financiaci\u00f3n<span style=\"color:red;\"><strong>(M\u00c1XIMO:2MB)<\/strong><\/span><\/label><br \/>\n<span class=\"wpcf7-form-control-wrap\" data-name=\"plan-de-financiacion\"><input size=\"40\" class=\"wpcf7-form-control wpcf7-file wpcf7-validates-as-required\" accept=\"audio\/*,video\/*,image\/*\" aria-required=\"true\" aria-invalid=\"false\" type=\"file\" name=\"plan-de-financiacion\" \/><\/span><br \/>\n<hr \/><br \/>\n<label> Imagen referencia 1<span style=\"color:red;\"><strong>(M\u00c1XIMO:2MB)<\/strong><\/span><\/label><br \/>\n<span class=\"wpcf7-form-control-wrap\" data-name=\"imagen-referencia-1\"><input size=\"40\" class=\"wpcf7-form-control wpcf7-file wpcf7-validates-as-required\" accept=\"audio\/*,video\/*,image\/*\" aria-required=\"true\" aria-invalid=\"false\" type=\"file\" name=\"imagen-referencia-1\" \/><\/span><br \/>\n<hr \/><br \/>\n<label> Imagen referencia 2<span style=\"color:red;\"><strong>(M\u00c1XIMO:2MB)<\/strong><\/span><\/label><br \/>\n<span class=\"wpcf7-form-control-wrap\" data-name=\"imagen-referencia-2\"><input size=\"40\" class=\"wpcf7-form-control wpcf7-file wpcf7-validates-as-required\" accept=\"audio\/*,video\/*,image\/*\" aria-required=\"true\" aria-invalid=\"false\" type=\"file\" name=\"imagen-referencia-2\" \/><\/span><br \/>\n<hr \/><br \/>\n<label> Foto director\/a <span style=\"color:red;\"><strong>(M\u00c1XIMO:2MB)<\/strong><\/span><\/label><br \/>\n<span class=\"wpcf7-form-control-wrap\" data-name=\"foto-directora\"><input size=\"40\" class=\"wpcf7-form-control wpcf7-file wpcf7-validates-as-required\" accept=\"audio\/*,video\/*,image\/*\" aria-required=\"true\" aria-invalid=\"false\" type=\"file\" name=\"foto-directora\" \/><\/span><br \/>\n<hr \/><br \/>\n<label> Foto productora <span style=\"color:red;\"><strong>(M\u00c1XIMO:2MB)<\/strong><\/span><\/label><br \/>\n<span class=\"wpcf7-form-control-wrap\" data-name=\"foto-productora\"><input size=\"40\" class=\"wpcf7-form-control wpcf7-file wpcf7-validates-as-required\" accept=\"audio\/*,video\/*,image\/*\" aria-required=\"true\" aria-invalid=\"false\" type=\"file\" name=\"foto-productora\" \/><\/span><br \/>\n<hr \/>\n<\/p>\n<p> *Los proyectos seleccionados se comprometen a incluir el logotipo de MECAS y de Gran Canaria Film Commission, organizadores y patrocinadores en los materiales, t\u00edtulos de cr\u00e9ditos, carteler\u00eda y publicidad. La organizaci\u00f3n pondr\u00e1 a disposici\u00f3n de los proyectos seleccionados archivos digitales de los logotipos.\n<\/p>\n<p><input class=\"wpcf7-form-control wpcf7-submit has-spinner\" type=\"submit\" value=\"Enviar\" \/>\n<\/p><div class=\"wpcf7-response-output\" aria-hidden=\"true\"><\/div>\n<\/form>\n<\/div>\n<\/div>\n\n\n\n<p><\/p>\n","protected":false},"excerpt":{"rendered":"","protected":false},"author":1,"featured_media":0,"parent":0,"menu_order":0,"comment_status":"closed","ping_status":"closed","template":"","meta":{"footnotes":""},"class_list":["post-3764","page","type-page","status-publish","hentry","no-post-thumbnail"],"_links":{"self":[{"href":"https:\/\/www.lpafilmfestival.com\/mecas\/index.php?rest_route=\/wp\/v2\/pages\/3764","targetHints":{"allow":["GET"]}}],"collection":[{"href":"https:\/\/www.lpafilmfestival.com\/mecas\/index.php?rest_route=\/wp\/v2\/pages"}],"about":[{"href":"https:\/\/www.lpafilmfestival.com\/mecas\/index.php?rest_route=\/wp\/v2\/types\/page"}],"author":[{"embeddable":true,"href":"https:\/\/www.lpafilmfestival.com\/mecas\/index.php?rest_route=\/wp\/v2\/users\/1"}],"replies":[{"embeddable":true,"href":"https:\/\/www.lpafilmfestival.com\/mecas\/index.php?rest_route=%2Fwp%2Fv2%2Fcomments&post=3764"}],"version-history":[{"count":2,"href":"https:\/\/www.lpafilmfestival.com\/mecas\/index.php?rest_route=\/wp\/v2\/pages\/3764\/revisions"}],"predecessor-version":[{"id":5393,"href":"https:\/\/www.lpafilmfestival.com\/mecas\/index.php?rest_route=\/wp\/v2\/pages\/3764\/revisions\/5393"}],"wp:attachment":[{"href":"https:\/\/www.lpafilmfestival.com\/mecas\/index.php?rest_route=%2Fwp%2Fv2%2Fmedia&parent=3764"}],"curies":[{"name":"wp","href":"https:\/\/api.w.org\/{rel}","templated":true}]}}