{"id":2453,"date":"2021-03-31T10:12:08","date_gmt":"2021-03-31T10:12:08","guid":{"rendered":"https:\/\/www.lpafilmfestival.com\/mecas?page_id=2453"},"modified":"2021-04-06T20:02:00","modified_gmt":"2021-04-06T20:02:00","slug":"expertos-2021","status":"publish","type":"page","link":"https:\/\/www.lpafilmfestival.com\/mecas?page_id=2453","title":{"rendered":"Expertos 2021"},"content":{"rendered":"<div id=\"cs-content\" class=\"cs-content\"><\/div>\n","protected":false},"excerpt":{"rendered":"<p>EXPERTOS CINE CASI HECHO y CINE POR HACER BELI MART\u00cdNEZ Beli Mart\u00ednez (A Guarda, 1980) es Doctora en Comunicaci\u00f3n Audiovisual por la Universidad de Vigo con la primera tesis que estudia el Novo Cinema Galego. Es productora en Filmika Galaika, empresa gallega especializada en cine autoral y que ha producido los \u00faltimos trabajos de Eloy Enciso, Jessica Sarah Rinland, Helena &#8230;<\/p>\n","protected":false},"author":1,"featured_media":0,"parent":0,"menu_order":0,"comment_status":"closed","ping_status":"closed","template":"","meta":{"footnotes":""},"class_list":["post-2453","page","type-page","status-publish","hentry","no-post-thumbnail"],"_links":{"self":[{"href":"https:\/\/www.lpafilmfestival.com\/mecas\/index.php?rest_route=\/wp\/v2\/pages\/2453","targetHints":{"allow":["GET"]}}],"collection":[{"href":"https:\/\/www.lpafilmfestival.com\/mecas\/index.php?rest_route=\/wp\/v2\/pages"}],"about":[{"href":"https:\/\/www.lpafilmfestival.com\/mecas\/index.php?rest_route=\/wp\/v2\/types\/page"}],"author":[{"embeddable":true,"href":"https:\/\/www.lpafilmfestival.com\/mecas\/index.php?rest_route=\/wp\/v2\/users\/1"}],"replies":[{"embeddable":true,"href":"https:\/\/www.lpafilmfestival.com\/mecas\/index.php?rest_route=%2Fwp%2Fv2%2Fcomments&post=2453"}],"version-history":[{"count":22,"href":"https:\/\/www.lpafilmfestival.com\/mecas\/index.php?rest_route=\/wp\/v2\/pages\/2453\/revisions"}],"predecessor-version":[{"id":2576,"href":"https:\/\/www.lpafilmfestival.com\/mecas\/index.php?rest_route=\/wp\/v2\/pages\/2453\/revisions\/2576"}],"wp:attachment":[{"href":"https:\/\/www.lpafilmfestival.com\/mecas\/index.php?rest_route=%2Fwp%2Fv2%2Fmedia&parent=2453"}],"curies":[{"name":"wp","href":"https:\/\/api.w.org\/{rel}","templated":true}]}}