{"id":2271,"date":"2021-03-12T17:57:52","date_gmt":"2021-03-12T17:57:52","guid":{"rendered":"https:\/\/www.lpafilmfestival.com\/mecas?page_id=2271"},"modified":"2022-12-02T11:57:18","modified_gmt":"2022-12-02T11:57:18","slug":"convocatoria-isla-mecas-2021","status":"publish","type":"page","link":"https:\/\/www.lpafilmfestival.com\/mecas?page_id=2271","title":{"rendered":"ISLA MECAS 2023"},"content":{"rendered":"<div id=\"cs-content\" class=\"cs-content\"><\/div>\n","protected":false},"excerpt":{"rendered":"<p>PROYECTOS ISLA MECAS y FILMAR EN CANARIAS EN ESTADO DE DESARROLLO (POR HACER) O EN FASE FINAL DE PRODUCCI\u00d3N (CINE CASI HECHO)\u00a0 DEBER\u00c1N INSCRIBIRSE EN CONVOCATORIAS DE MECAS CINE CASI HECHO o MECAS CINE POR HACER 13-16 de abril 2023PODR\u00c1N PARTICIPAR PRODUCTORES O DIRECTORES CANARIOS CON UN PROYECTO EN FASE DE DESARROLLO, PRODUCCI\u00d3N O EDICI\u00d3N O PRODUCTORES O DIRECTORES INTERNACIONALES &#8230;<\/p>\n","protected":false},"author":3,"featured_media":0,"parent":0,"menu_order":0,"comment_status":"closed","ping_status":"closed","template":"","meta":{"footnotes":""},"class_list":["post-2271","page","type-page","status-publish","hentry","no-post-thumbnail"],"_links":{"self":[{"href":"https:\/\/www.lpafilmfestival.com\/mecas\/index.php?rest_route=\/wp\/v2\/pages\/2271","targetHints":{"allow":["GET"]}}],"collection":[{"href":"https:\/\/www.lpafilmfestival.com\/mecas\/index.php?rest_route=\/wp\/v2\/pages"}],"about":[{"href":"https:\/\/www.lpafilmfestival.com\/mecas\/index.php?rest_route=\/wp\/v2\/types\/page"}],"author":[{"embeddable":true,"href":"https:\/\/www.lpafilmfestival.com\/mecas\/index.php?rest_route=\/wp\/v2\/users\/3"}],"replies":[{"embeddable":true,"href":"https:\/\/www.lpafilmfestival.com\/mecas\/index.php?rest_route=%2Fwp%2Fv2%2Fcomments&post=2271"}],"version-history":[{"count":9,"href":"https:\/\/www.lpafilmfestival.com\/mecas\/index.php?rest_route=\/wp\/v2\/pages\/2271\/revisions"}],"predecessor-version":[{"id":5422,"href":"https:\/\/www.lpafilmfestival.com\/mecas\/index.php?rest_route=\/wp\/v2\/pages\/2271\/revisions\/5422"}],"wp:attachment":[{"href":"https:\/\/www.lpafilmfestival.com\/mecas\/index.php?rest_route=%2Fwp%2Fv2%2Fmedia&parent=2271"}],"curies":[{"name":"wp","href":"https:\/\/api.w.org\/{rel}","templated":true}]}}