{"id":2139,"date":"2020-09-25T09:48:40","date_gmt":"2020-09-25T09:48:40","guid":{"rendered":"https:\/\/www.lpafilmfestival.com\/mecas?page_id=2139"},"modified":"2022-12-05T13:46:12","modified_gmt":"2022-12-05T13:46:12","slug":"mecas-2021-cine-por-hacer-films-to-be-made","status":"publish","type":"page","link":"https:\/\/www.lpafilmfestival.com\/mecas?page_id=2139","title":{"rendered":"MECAS 2021 \/ CINE POR HACER \/ FILMS TO BE MADE"},"content":{"rendered":"\n<div class=\"wpcf7 no-js\" id=\"wpcf7-f2141-o1\" lang=\"es-ES\" dir=\"ltr\" data-wpcf7-id=\"2141\">\n<div class=\"screen-reader-response\"><p role=\"status\" aria-live=\"polite\" aria-atomic=\"true\"><\/p> <ul><\/ul><\/div>\n<form action=\"\/mecas\/index.php?rest_route=%2Fwp%2Fv2%2Fpages%2F2139#wpcf7-f2141-o1\" method=\"post\" class=\"wpcf7-form init\" aria-label=\"Contact form\" enctype=\"multipart\/form-data\" novalidate=\"novalidate\" data-status=\"init\">\n<fieldset class=\"hidden-fields-container\"><input type=\"hidden\" name=\"_wpcf7\" value=\"2141\" \/><input type=\"hidden\" name=\"_wpcf7_version\" value=\"6.1.5\" \/><input type=\"hidden\" name=\"_wpcf7_locale\" value=\"es_ES\" \/><input type=\"hidden\" name=\"_wpcf7_unit_tag\" value=\"wpcf7-f2141-o1\" \/><input type=\"hidden\" name=\"_wpcf7_container_post\" value=\"0\" \/><input type=\"hidden\" name=\"_wpcf7_posted_data_hash\" value=\"\" \/><input type=\"hidden\" name=\"_wpcf7_recaptcha_response\" value=\"\" \/>\n<\/fieldset>\n<div style=\"text-align:center;font-size:20px;\">\n\t<p><strong>2023 HOJA DE INSCRIPCI\u00d3N\/ENTRY FORM<\/strong>\n\t<\/p>\n<\/div>\n<div style=\"text-align:center;font-size:20px;color:#e31b73\">\n\t<p><strong>CINE POR HACER \/ FILMS TO BE MADE<\/strong>\n\t<\/p>\n<\/div>\n<div style=\"text-align:center;font-size:14px;\">\n\t<p>La informaci\u00f3n proporcionada en este formulario ser\u00e1 la misma que se utilizar\u00e1 en el infobook de MECAS 2023 \/ information as provided in the following form will be used in the MECAS 2023 infobook\n\t<\/p>\n<\/div>\n<hr \/>\n<div style=\"text-align:center;color:black;margin-top:20px;margin-bottom:10px;\">\n\t<p>Debes rellenar todos los campos \/ All fields are required\n\t<\/p>\n<\/div>\n<hr \/>\n<p><label> Nombre \/ Name<br \/>\n<span class=\"wpcf7-form-control-wrap\" data-name=\"your-name\"><input size=\"40\" maxlength=\"400\" class=\"wpcf7-form-control wpcf7-text wpcf7-validates-as-required\" aria-required=\"true\" aria-invalid=\"false\" value=\"\" type=\"text\" name=\"your-name\" \/><\/span> <\/label>\n<\/p>\n<p><label> Correo electr\u00f3nico \/ Email<br \/>\n<span class=\"wpcf7-form-control-wrap\" data-name=\"your-email\"><input size=\"40\" maxlength=\"400\" class=\"wpcf7-form-control wpcf7-email wpcf7-validates-as-required wpcf7-text wpcf7-validates-as-email\" aria-required=\"true\" aria-invalid=\"false\" value=\"\" type=\"email\" name=\"your-email\" \/><\/span> <\/label>\n<\/p>\n<hr style=\"border-top:1px solid #e31b73\" \/>\n<p><label> T\u00edtulo \/ Title<br \/>\n<span class=\"wpcf7-form-control-wrap\" data-name=\"titulo-proyecto\"><input size=\"40\" maxlength=\"400\" class=\"wpcf7-form-control wpcf7-text wpcf7-validates-as-required\" aria-required=\"true\" aria-invalid=\"false\" value=\"\" type=\"text\" name=\"titulo-proyecto\" \/><\/span> <\/label>\n<\/p>\n<p><label> Director\/a<br \/>\n<span class=\"wpcf7-form-control-wrap\" data-name=\"director-nombre\"><input size=\"40\" maxlength=\"400\" class=\"wpcf7-form-control wpcf7-text wpcf7-validates-as-required\" aria-required=\"true\" aria-invalid=\"false\" value=\"\" type=\"text\" name=\"director-nombre\" \/><\/span> <\/label>\n<\/p>\n<p><label> Correo electr\u00f3nico \/ Contact email address <span style=\"color:#e31b73;\">(solo una direcci\u00f3n \/ only one address)<\/span><br \/>\n<span class=\"wpcf7-form-control-wrap\" data-name=\"director-email\"><input size=\"40\" maxlength=\"400\" class=\"wpcf7-form-control wpcf7-email wpcf7-validates-as-required wpcf7-text wpcf7-validates-as-email\" aria-required=\"true\" aria-invalid=\"false\" value=\"\" type=\"email\" name=\"director-email\" \/><\/span><\/label>\n<\/p>\n<hr style=\"border-top:1px solid #e31b73\" \/>\n<p><label >Producci\u00f3n \/ Production<br \/>\n<span class=\"wpcf7-form-control-wrap\" data-name=\"productor-nombre\"><input size=\"40\" maxlength=\"400\" class=\"wpcf7-form-control wpcf7-text wpcf7-validates-as-required\" aria-required=\"true\" aria-invalid=\"false\" value=\"\" type=\"text\" name=\"productor-nombre\" \/><\/span><br \/>\n<\/label>\n<\/p>\n<p><label> Correo electr\u00f3nico \/ Contact email address <span style=\"color:#e31b73;\">(solo una direcci\u00f3n \/ only one address)<\/span><br \/>\n<span class=\"wpcf7-form-control-wrap\" data-name=\"productor-email\"><input size=\"40\" maxlength=\"400\" class=\"wpcf7-form-control wpcf7-email wpcf7-validates-as-required wpcf7-text wpcf7-validates-as-email\" aria-required=\"true\" aria-invalid=\"false\" value=\"\" type=\"email\" name=\"productor-email\" \/><\/span><\/label>\n<\/p>\n<hr style=\"border-top:1px solid #e31b73\" \/>\n<p><label >Pa\u00eds \/ Country<br \/>\n<span class=\"wpcf7-form-control-wrap\" data-name=\"pais\"><input size=\"40\" maxlength=\"400\" class=\"wpcf7-form-control wpcf7-text wpcf7-validates-as-required\" aria-required=\"true\" aria-invalid=\"false\" value=\"\" type=\"text\" name=\"pais\" \/><\/span><br \/>\n<\/label>\n<\/p>\n<p><label>Presupuesto \/ Total budget<br \/>\n<span class=\"wpcf7-form-control-wrap\" data-name=\"presupuesto\"><input size=\"40\" maxlength=\"400\" class=\"wpcf7-form-control wpcf7-text wpcf7-validates-as-required\" aria-required=\"true\" aria-invalid=\"false\" value=\"\" type=\"text\" name=\"presupuesto\" \/><\/span><br \/>\n<\/label>\n<\/p>\n<p><label>Financiaci\u00f3n asegurada actual (si la tuviera) \/ Secured financing (if any):<br \/>\n<span class=\"wpcf7-form-control-wrap\" data-name=\"financiacion\"><input size=\"40\" maxlength=\"400\" class=\"wpcf7-form-control wpcf7-text wpcf7-validates-as-required\" aria-required=\"true\" aria-invalid=\"false\" value=\"\" type=\"text\" name=\"financiacion\" \/><\/span><br \/>\n<\/label>\n<\/p>\n<p><label>Ayudas obtenidas (si las tuviera) \/ Grants obtained (if any):<br \/>\n<span class=\"wpcf7-form-control-wrap\" data-name=\"ayudasobtenidas\"><input size=\"40\" maxlength=\"400\" class=\"wpcf7-form-control wpcf7-text wpcf7-validates-as-required\" aria-required=\"true\" aria-invalid=\"false\" value=\"\" type=\"text\" name=\"ayudasobtenidas\" \/><\/span><br \/>\n<\/label>\n<\/p>\n<p><label>Labs donde ha participado el proyecto\/ Labs where project has participated:<br \/>\n<span class=\"wpcf7-form-control-wrap\" data-name=\"labsproyecto\"><input size=\"40\" maxlength=\"400\" class=\"wpcf7-form-control wpcf7-text wpcf7-validates-as-required\" aria-required=\"true\" aria-invalid=\"false\" value=\"\" type=\"text\" name=\"labsproyecto\" \/><\/span><br \/>\n<\/label>\n<\/p>\n<p><label>Fase actual del Proyecto \/ Actual stage of the project:<br \/>\n<span class=\"wpcf7-form-control-wrap\" data-name=\"faseactual\"><input size=\"40\" maxlength=\"400\" class=\"wpcf7-form-control wpcf7-text wpcf7-validates-as-required\" aria-required=\"true\" aria-invalid=\"false\" value=\"\" type=\"text\" name=\"faseactual\" \/><\/span><br \/>\n<\/label>\n<\/p>\n<p><label>Estrategia de Labs y Mercados donde quieres participar para la fase de desarrollo\/ Lab and Co-production Forums where you are planning to participate:<br \/>\n<span class=\"wpcf7-form-control-wrap\" data-name=\"estrategialabs\"><input size=\"40\" maxlength=\"400\" class=\"wpcf7-form-control wpcf7-text wpcf7-validates-as-required\" aria-required=\"true\" aria-invalid=\"false\" value=\"\" type=\"text\" name=\"estrategialabs\" \/><\/span><br \/>\n<\/label>\n<\/p>\n<p><label>Adjunta el dossier de tu Proyecto con \/ Attach your dossier with:<br \/>\n<a target=\"_blank\" href=\"https:\/\/www.lpafilmfestival.com\/mecas\/wp-content\/uploads\/2023\/01\/mecas2023_fichatecnica_cineporhacer.pdf\"><strong>FICHA T\u00c9CNICA<\/strong><\/a><br \/>\n<strong><span style=\"color:#e31b73;\">Descargar <b><a style=\"color:#ddc282 !important\" target=\"_blank\" href=\"https:\/\/www.lpafilmfestival.com\/mecas\/wp-content\/uploads\/2023\/01\/mecas2023_fichatecnica_cineporhacer.pdf\">ficha t\u00e9cnica<\/a><\/b> e incluirla en un dossier que incluya: La ficha MECAS CINE CASI HECHO (que has descargado del entry form), Bio del director o directora, Nota de intenci\u00f3n del director o directora, resumen del presupuesto estimado TOTAL (1 hoja), plan de financiaci\u00f3n, plan de distribuci\u00f3n y venta (aproximadamente 1\/2 p\u00e1g.), adem\u00e1s puedes incluir, si lo deseas, Moodboard y enlaces a trabajos previos. Si cuentas con productor o productora, a\u00f1ade la nota de intenci\u00f3n y perfil de la productora.<br \/>\nLa valoraci\u00f3n para la selecci\u00f3n se har\u00e1 a partir de la lectura del dossier y una sinopsis larga, de m\u00e1ximo 8 p\u00e1ginas, o bien un OUTLINE del gui\u00f3n, es decir, un resumen del gui\u00f3n en pocas p\u00e1ginas, m\u00e1ximo de 8 p\u00e1ginas.<br \/>\nSi no puedes enviarnos una sinopsis larga o un OUTLINE del gui\u00f3n, puedes optar por enviarnos un tratamiento RESUMIDO, m\u00e1ximo de 8 p\u00e1ginas.<br \/>\nA\u00f1adir tambi\u00e9n el plan de gastos del premio en el dossier.<br \/>\nPOR FAVOR NO ENV\u00cdES EL GUI\u00d3N COMPLETO.<br \/>\nDownload <a target=\"_blank\" href=\"https:\/\/www.lpafilmfestival.com\/mecas\/wp-content\/uploads\/2022\/01\/mecas2020_fichatecnica_cineporhacer.pdf\">fact sheet<\/a> to be included in a dossier that contains: The MECAS FILMS TO BE MADE fact sheet form (which you have downloaded from the entry form), Director's Bio, Director's Note of Intent, summary of the TOTAL estimated budget (1 sheet), financing plan, distribution and sales plan (approximately 1\/2 page), you can also include, if you wish, Moodboard and links to previous works. If you have a production company attached, add the note of intent and profile of the production company.<br \/>\nThe evaluation for the selection will be based on the reading of the dossier and a long synopsis, maximum 8 pages OR an OUTLINE of the script, that is, a summary of the script in a few pages, maximum 8 pages.<br \/>\nIf you cannot send us a long synopsis OR an OUTLINE of the script, you can send a SUMMARY treatment, maximum 8 pages.<br \/>\nAlso add the award spending plan in the dossier.<br \/>\nPLEASE DO NOT SEND THE COMPLETE SCRIPT.<br \/>\nNombrar el documento de la siguiente forma- Please name the document as follows:<br \/>\nT\u00cdTULO DEL PROYECTO_NOMBREYPRIMER APELLIDO DEL DIRECTOR\/A -<br \/>\nTITLE_DIRECTOR NAMEANDSURNAME:<br \/>\nEj: JE RESTE AVEC VOUS_LORENAMORIN<br \/>\n<\/span><\/strong><br \/>\n<span class=\"wpcf7-form-control-wrap\" data-name=\"dossier\"><input size=\"40\" class=\"wpcf7-form-control wpcf7-file wpcf7-validates-as-required\" accept=\".pdf\" aria-required=\"true\" aria-invalid=\"false\" type=\"file\" name=\"dossier\" \/><\/span><br \/>\nMAX:10MB<br \/>\n<\/label>\n<\/p>\n<p><label>Enlaces a im\u00e1genes de referencia, moodboard, teaser del proyecto\/ links to images, moodboard, teaser of the project :<br \/>\n<span class=\"wpcf7-form-control-wrap\" data-name=\"enlaceimagenes\"><input size=\"40\" maxlength=\"400\" class=\"wpcf7-form-control wpcf7-text wpcf7-validates-as-required\" aria-required=\"true\" aria-invalid=\"false\" value=\"\" type=\"text\" name=\"enlaceimagenes\" \/><\/span><br \/>\n<\/label>\n<\/p>\n<p><label>Enlaces de trabajos anteriores\/ Link to previous works:<br \/>\n<span class=\"wpcf7-form-control-wrap\" data-name=\"teasersanteriores\"><input size=\"40\" maxlength=\"400\" class=\"wpcf7-form-control wpcf7-text wpcf7-validates-as-required\" aria-required=\"true\" aria-invalid=\"false\" value=\"\" type=\"text\" name=\"teasersanteriores\" \/><\/span><br \/>\n<\/label>\n<\/p>\n<div>\n\t<p><span style=\"color:#e31b73;\"> *Como aparecer\u00e1 en web y infobook de MECAS \/ As it will appear in the MECAS web and infobook<\/span>\n\t<\/p>\n<\/div>\n<p><label>Logline: <span class=\"wpcf7-form-control-wrap\" data-name=\"logline\"><input size=\"40\" maxlength=\"400\" class=\"wpcf7-form-control wpcf7-text wpcf7-validates-as-required\" aria-required=\"true\" aria-invalid=\"false\" value=\"\" type=\"text\" name=\"logline\" \/><\/span> <\/label>\n<\/p>\n<div>\n\t<p><strong><span style=\"color:#e31b73;\"><br \/>\n*Como aparecer\u00e1 en el infobook de MECAS \/ As it will appear in the MECAS infobook<br \/>\n*M\u00e1ximo 75 palabras. Esta es la longitud que recoge el infobook de MECAS \/ Maximum of 75 words as this is the length allowed in the MECAS infobook<\/span><br \/>\n<\/strong>\n\t<\/p>\n<\/div>\n<p><label>Sinopsis corta en Espa\u00f1ol\/ Short synopsis in Spanish<br \/>\n<span class=\"wpcf7-form-control-wrap sinopsis-corta-es\"><textarea cols=\"40\" rows=\"10\" class=\"wpcf7-form-control wpcf7-textarea wpcf7-validates-as-required\" data-maxwc=\"75\" aria-required=\"true\" aria-invalid=\"false\" name=\"sinopsis-corta-es\"><\/textarea><span class=\"wpcf7wc-msg\"><br \/><br \/><input type=\"text\" name=\"wcount_sinopsis-corta-es\" id=\"wcount_sinopsis-corta-es\" size=\"3\" maxlength=\"5\" style=\"text-align:center; width: auto\" value=\"\" readonly=\"readonly\" \/> words. Please limit to 75 words or less.<\/span><\/span><br \/>\n<\/label>\n<\/p>\n<div>\n\t<p><strong><span style=\"color:#e31b73;\"><br \/>\n*Como aparecer\u00e1 en el infobook de MECAS \/ as it will appear in the MECAS infobook<br \/>\n*M\u00e1ximo 75 palabras. Esta es la longitud que recoge el infobook de MECAS \/ Maximum of 75 words as this is the length allowed in the MECAS infobook<\/span><br \/>\n<\/strong>\n\t<\/p>\n<\/div>\n<p><label>Sinopsis corta en Ingl\u00e9s\/ Short synopsis in English:<br \/>\n<span class=\"wpcf7-form-control-wrap sinopsis-corta-en\"><textarea cols=\"40\" rows=\"10\" class=\"wpcf7-form-control wpcf7-textarea wpcf7-validates-as-required\" data-maxwc=\"75\" aria-required=\"true\" aria-invalid=\"false\" name=\"sinopsis-corta-en\"><\/textarea><span class=\"wpcf7wc-msg\"><br \/><br \/><input type=\"text\" name=\"wcount_sinopsis-corta-en\" id=\"wcount_sinopsis-corta-en\" size=\"3\" maxlength=\"5\" style=\"text-align:center; width: auto\" value=\"\" readonly=\"readonly\" \/> words. Please limit to 75 words or less.<\/span><\/span><br \/>\n<\/label>\n<\/p>\n<h3><strong>Director and Producers INFO<\/strong>\n<\/h3>\n<p><label>Biograf\u00eda y filmograf\u00eda corta del director\/es EN ESPA\u00d1OL <span style=\"color:#e31b73;\">M\u00e1ximo 75 palabras, esta es la longitud m\u00e1xima que recoge el infobook de MECAS<\/span><\/label><br \/>\n<span class=\"wpcf7-form-control-wrap biografia-es\"><textarea cols=\"40\" rows=\"10\" class=\"wpcf7-form-control wpcf7-textarea wpcf7-validates-as-required\" data-maxwc=\"75\" aria-required=\"true\" aria-invalid=\"false\" name=\"biografia-es\"><\/textarea><span class=\"wpcf7wc-msg\"><br \/><br \/><input type=\"text\" name=\"wcount_biografia-es\" id=\"wcount_biografia-es\" size=\"3\" maxlength=\"5\" style=\"text-align:center; width: auto\" value=\"\" readonly=\"readonly\" \/> words. Please limit to 75 words or less.<\/span><\/span>\n<\/p>\n<p><label>Director \u0301s short Biography and Filmography IN ENGLISH: <span style=\"color:#e31b73;\">A maximum of 75 words as this is the length allowed in the MECAS infobook <\/span><br \/>\n<span class=\"wpcf7-form-control-wrap biografia-en\"><textarea cols=\"40\" rows=\"10\" class=\"wpcf7-form-control wpcf7-textarea wpcf7-validates-as-required\" data-maxwc=\"75\" aria-required=\"true\" aria-invalid=\"false\" name=\"biografia-en\"><\/textarea><span class=\"wpcf7wc-msg\"><br \/><br \/><input type=\"text\" name=\"wcount_biografia-en\" id=\"wcount_biografia-en\" size=\"3\" maxlength=\"5\" style=\"text-align:center; width: auto\" value=\"\" readonly=\"readonly\" \/> words. Please limit to 75 words or less.<\/span><\/span><br \/>\n<\/label>\n<\/p>\n<p><label>Perfil del productor \/ perfil de la compa\u00f1\u00eda productora ESPA\u00d1OL: <span style=\"color:#e31b73;\">M\u00e1ximo 75 palabras esta es la longitud m\u00e1xima que recoge el infobook de MECAS<\/span><br \/>\n<span class=\"wpcf7-form-control-wrap perfil-productor-es\"><textarea cols=\"40\" rows=\"10\" class=\"wpcf7-form-control wpcf7-textarea wpcf7-validates-as-required\" data-maxwc=\"75\" aria-required=\"true\" aria-invalid=\"false\" name=\"perfil-productor-es\"><\/textarea><span class=\"wpcf7wc-msg\"><br \/><br \/><input type=\"text\" name=\"wcount_perfil-productor-es\" id=\"wcount_perfil-productor-es\" size=\"3\" maxlength=\"5\" style=\"text-align:center; width: auto\" value=\"\" readonly=\"readonly\" \/> words. Please limit to 75 words or less.<\/span><\/span><br \/>\n<\/label>\n<\/p>\n<p><label>Producer \u0301s profile \/ Company profile IN ENGLISH<span style=\"color:#e31b73;\"> A maximum of 75 words as this is the length allowed in the MECAS infobook<\/span><br \/>\n<span class=\"wpcf7-form-control-wrap perfil-productor-en\"><textarea cols=\"40\" rows=\"10\" class=\"wpcf7-form-control wpcf7-textarea wpcf7-validates-as-required\" data-maxwc=\"75\" aria-required=\"true\" aria-invalid=\"false\" name=\"perfil-productor-en\"><\/textarea><span class=\"wpcf7wc-msg\"><br \/><br \/><input type=\"text\" name=\"wcount_perfil-productor-en\" id=\"wcount_perfil-productor-en\" size=\"3\" maxlength=\"5\" style=\"text-align:center; width: auto\" value=\"\" readonly=\"readonly\" \/> words. Please limit to 75 words or less.<\/span><\/span><br \/>\n<\/label>\n<\/p>\n<h5> LAS IM\u00c1GENES ADJUNTAS NO PUEDEN EXCEDER LOS 3MB<br \/>\nIMAGES ATTACHED CANNOT EXCEED 3MB\n<\/h5>\n<p><label> Fotograf\u00eda del director\/ Picture of director<span style=\"color:#e31b73;\"><strong>(LIMIT:3MB)<\/strong><\/span><\/label><br \/>\n<span class=\"wpcf7-form-control-wrap\" data-name=\"foto-director\"><input size=\"40\" class=\"wpcf7-form-control wpcf7-file wpcf7-validates-as-required\" accept=\"audio\/*,video\/*,image\/*\" aria-required=\"true\" aria-invalid=\"false\" type=\"file\" name=\"foto-director\" \/><\/span>\n<\/p>\n<p><label> Fotograf\u00eda del productor\/ Picture of producer <span style=\"color:#e31b73;\"><strong>(LIMIT:3MB)<\/strong><\/span><\/label><br \/>\n<span class=\"wpcf7-form-control-wrap\" data-name=\"foto-productor\"><input size=\"40\" class=\"wpcf7-form-control wpcf7-file wpcf7-validates-as-required\" accept=\"audio\/*,video\/*,image\/*\" aria-required=\"true\" aria-invalid=\"false\" type=\"file\" name=\"foto-productor\" \/><\/span>\n<\/p>\n<p><label> Imagen proyecto 1 \/ Film Still 1 <span style=\"color:#e31b73;\"><strong>(LIMIT:3MB)<\/strong><\/span><\/label><br \/>\n<span class=\"wpcf7-form-control-wrap\" data-name=\"imagen-proyecto1\"><input size=\"40\" class=\"wpcf7-form-control wpcf7-file wpcf7-validates-as-required\" accept=\"audio\/*,video\/*,image\/*\" aria-required=\"true\" aria-invalid=\"false\" type=\"file\" name=\"imagen-proyecto1\" \/><\/span>\n<\/p>\n<p><label> Imagen proyecto 2 \/ Film Still 2 <span style=\"color:#e31b73;\"><strong>(LIMIT:3MB)<\/strong><\/span><\/label><br \/>\n<span class=\"wpcf7-form-control-wrap\" data-name=\"imagen-proyecto2\"><input size=\"40\" class=\"wpcf7-form-control wpcf7-file wpcf7-validates-as-required\" accept=\"audio\/*,video\/*,image\/*\" aria-required=\"true\" aria-invalid=\"false\" type=\"file\" name=\"imagen-proyecto2\" \/><\/span>\n<\/p>\n<span class=\"wpcf7-form-control-wrap recaptcha\" data-name=\"recaptcha\"><span data-sitekey=\"6LeQVuwjAAAAAG9MdYij-dHNSKJGARZuWZ7UhhMO\" class=\"wpcf7-form-control wpcf7-recaptcha g-recaptcha\"><\/span>\r\n<noscript>\r\n\t<div class=\"grecaptcha-noscript\">\r\n\t\t<iframe loading=\"lazy\" src=\"https:\/\/www.google.com\/recaptcha\/api\/fallback?k=6LeQVuwjAAAAAG9MdYij-dHNSKJGARZuWZ7UhhMO\" frameborder=\"0\" scrolling=\"no\" width=\"310\" height=\"430\">\r\n\t\t<\/iframe>\r\n\t\t<textarea name=\"g-recaptcha-response\" rows=\"3\" cols=\"40\" placeholder=\"reCaptcha Response Here\">\r\n\t\t<\/textarea>\r\n\t<\/div>\r\n<\/noscript>\r\n<\/span>\n<p><span class=\"wpcf7-form-control-wrap\" data-name=\"acceptance-456\"><span class=\"wpcf7-form-control wpcf7-acceptance\"><span class=\"wpcf7-list-item\"><label><input type=\"checkbox\" name=\"acceptance-456\" value=\"1\" aria-invalid=\"false\" \/><span class=\"wpcf7-list-item-label\">He le\u00eddo las <a target=\"_blank\" href=\"https:\/\/www.lpafilmfestival.com\/mecas\/?page_id=1326\">bases de participaci\u00f3n <\/a> y acepto sus condiciones para participar en la edici\u00f3n 2023 \/ I have read <a target=\"_blank\" href=\"https:\/\/www.lpafilmfestival.com\/mecas\/?page_id=1326\">MECAS rules of participation<\/a> and I accept the conditions to participate in it 2023 edition.<\/span><\/label><\/span><\/span><\/span>\n<\/p>\n<p><input class=\"wpcf7-form-control wpcf7-submit has-spinner\" type=\"submit\" value=\"Enviar\" \/>\n<\/p><div class=\"wpcf7-response-output\" aria-hidden=\"true\"><\/div>\n<\/form>\n<\/div>\n\n","protected":false},"excerpt":{"rendered":"","protected":false},"author":1,"featured_media":0,"parent":0,"menu_order":0,"comment_status":"closed","ping_status":"closed","template":"","meta":{"footnotes":""},"class_list":["post-2139","page","type-page","status-publish","hentry","no-post-thumbnail"],"_links":{"self":[{"href":"https:\/\/www.lpafilmfestival.com\/mecas\/index.php?rest_route=\/wp\/v2\/pages\/2139","targetHints":{"allow":["GET"]}}],"collection":[{"href":"https:\/\/www.lpafilmfestival.com\/mecas\/index.php?rest_route=\/wp\/v2\/pages"}],"about":[{"href":"https:\/\/www.lpafilmfestival.com\/mecas\/index.php?rest_route=\/wp\/v2\/types\/page"}],"author":[{"embeddable":true,"href":"https:\/\/www.lpafilmfestival.com\/mecas\/index.php?rest_route=\/wp\/v2\/users\/1"}],"replies":[{"embeddable":true,"href":"https:\/\/www.lpafilmfestival.com\/mecas\/index.php?rest_route=%2Fwp%2Fv2%2Fcomments&post=2139"}],"version-history":[{"count":3,"href":"https:\/\/www.lpafilmfestival.com\/mecas\/index.php?rest_route=\/wp\/v2\/pages\/2139\/revisions"}],"predecessor-version":[{"id":5457,"href":"https:\/\/www.lpafilmfestival.com\/mecas\/index.php?rest_route=\/wp\/v2\/pages\/2139\/revisions\/5457"}],"wp:attachment":[{"href":"https:\/\/www.lpafilmfestival.com\/mecas\/index.php?rest_route=%2Fwp%2Fv2%2Fmedia&parent=2139"}],"curies":[{"name":"wp","href":"https:\/\/api.w.org\/{rel}","templated":true}]}}