{"id":2103,"date":"2020-04-17T10:56:41","date_gmt":"2020-04-17T10:56:41","guid":{"rendered":"https:\/\/www.lpafilmfestival.com\/mecas?page_id=2103"},"modified":"2021-04-08T21:43:27","modified_gmt":"2021-04-08T21:43:27","slug":"proyectos-seleccionados-2020","status":"publish","type":"page","link":"https:\/\/www.lpafilmfestival.com\/mecas?page_id=2103","title":{"rendered":"Proyectos seleccionados 2021"},"content":{"rendered":"<div id=\"cs-content\" class=\"cs-content\"><\/div>\n","protected":false},"excerpt":{"rendered":"<p>Proyectos seleccionados 2021En esta edici\u00f3n especial y con motivo de la cancelaci\u00f3n del evento en el 2020, hemos recuperado los proyectos seleccionados en la anterior edici\u00f3n y ampliado adem\u00e1s las plazas para dar oportunidad a nuevos productores y cineastas. Entre m\u00e1s de 300 participaciones en dos categor\u00edas; Cine por hacer y Cine Casi Hecho estas han sido las seleccionadas. CINE &#8230;<\/p>\n","protected":false},"author":1,"featured_media":0,"parent":0,"menu_order":0,"comment_status":"closed","ping_status":"closed","template":"template-blank-4.php","meta":{"footnotes":""},"class_list":["post-2103","page","type-page","status-publish","hentry","no-post-thumbnail"],"_links":{"self":[{"href":"https:\/\/www.lpafilmfestival.com\/mecas\/index.php?rest_route=\/wp\/v2\/pages\/2103","targetHints":{"allow":["GET"]}}],"collection":[{"href":"https:\/\/www.lpafilmfestival.com\/mecas\/index.php?rest_route=\/wp\/v2\/pages"}],"about":[{"href":"https:\/\/www.lpafilmfestival.com\/mecas\/index.php?rest_route=\/wp\/v2\/types\/page"}],"author":[{"embeddable":true,"href":"https:\/\/www.lpafilmfestival.com\/mecas\/index.php?rest_route=\/wp\/v2\/users\/1"}],"replies":[{"embeddable":true,"href":"https:\/\/www.lpafilmfestival.com\/mecas\/index.php?rest_route=%2Fwp%2Fv2%2Fcomments&post=2103"}],"version-history":[{"count":27,"href":"https:\/\/www.lpafilmfestival.com\/mecas\/index.php?rest_route=\/wp\/v2\/pages\/2103\/revisions"}],"predecessor-version":[{"id":2577,"href":"https:\/\/www.lpafilmfestival.com\/mecas\/index.php?rest_route=\/wp\/v2\/pages\/2103\/revisions\/2577"}],"wp:attachment":[{"href":"https:\/\/www.lpafilmfestival.com\/mecas\/index.php?rest_route=%2Fwp%2Fv2%2Fmedia&parent=2103"}],"curies":[{"name":"wp","href":"https:\/\/api.w.org\/{rel}","templated":true}]}}