{"id":1991,"date":"2020-01-22T11:26:49","date_gmt":"2020-01-22T11:26:49","guid":{"rendered":"https:\/\/www.lpafilmfestival.com\/mecas?page_id=1991"},"modified":"2021-03-12T12:15:36","modified_gmt":"2021-03-12T12:15:36","slug":"entry-form-isla-mecas-2020-inscripcion-2","status":"publish","type":"page","link":"https:\/\/www.lpafilmfestival.com\/mecas?page_id=1991","title":{"rendered":"ISLA MECAS 2021 \/ INSCRIPCI\u00d3N"},"content":{"rendered":"\n<div class=\"wpcf7 no-js\" id=\"wpcf7-f2265-o1\" lang=\"es-ES\" dir=\"ltr\" data-wpcf7-id=\"2265\">\n<div class=\"screen-reader-response\"><p role=\"status\" aria-live=\"polite\" aria-atomic=\"true\"><\/p> <ul><\/ul><\/div>\n<form action=\"\/mecas\/index.php?rest_route=%2Fwp%2Fv2%2Fpages%2F1991#wpcf7-f2265-o1\" method=\"post\" class=\"wpcf7-form init\" aria-label=\"Contact form\" enctype=\"multipart\/form-data\" novalidate=\"novalidate\" data-status=\"init\">\n<fieldset class=\"hidden-fields-container\"><input type=\"hidden\" name=\"_wpcf7\" value=\"2265\" \/><input type=\"hidden\" name=\"_wpcf7_version\" value=\"6.1.5\" \/><input type=\"hidden\" name=\"_wpcf7_locale\" value=\"es_ES\" \/><input type=\"hidden\" name=\"_wpcf7_unit_tag\" value=\"wpcf7-f2265-o1\" \/><input type=\"hidden\" name=\"_wpcf7_container_post\" value=\"0\" \/><input type=\"hidden\" name=\"_wpcf7_posted_data_hash\" value=\"\" \/><input type=\"hidden\" name=\"_wpcf7_recaptcha_response\" value=\"\" \/>\n<\/fieldset>\n<div style=\"text-align:center;font-size:20px;\">\n\t<p><strong>ISLA MECAS 2021<\/strong>\n\t<\/p>\n<\/div>\n<div style=\"text-align:center;color:black\">\n\t<p style=\"color:black\">Para participar en esta convocatoria debes rellenar el siguiente formulario de inscripci\u00f3n.\n\t<\/p>\n<\/div>\n<hr \/>\n<div style=\"text-align:center;color:black\">\n\t<p style=\"color:black\">La informaci\u00f3n proporcionada ser\u00e1 la misma que se utilizar\u00e1 en el dossier-cat\u00e1logo de MECAS 2021\n\t<\/p>\n<\/div>\n<p><label> Nombre<br \/>\n<span class=\"wpcf7-form-control-wrap\" data-name=\"your-name\"><input size=\"40\" maxlength=\"400\" class=\"wpcf7-form-control wpcf7-text wpcf7-validates-as-required\" aria-required=\"true\" aria-invalid=\"false\" value=\"\" type=\"text\" name=\"your-name\" \/><\/span> <\/label>\n<\/p>\n<p><label> Correo electr\u00f3nico<br \/>\n<span class=\"wpcf7-form-control-wrap\" data-name=\"your-email\"><input size=\"40\" maxlength=\"400\" class=\"wpcf7-form-control wpcf7-email wpcf7-validates-as-required wpcf7-text wpcf7-validates-as-email\" aria-required=\"true\" aria-invalid=\"false\" value=\"\" type=\"email\" name=\"your-email\" \/><\/span> <\/label>\n<\/p>\n<p><label> T\u00edtulo del proyecto<br \/>\n<span class=\"wpcf7-form-control-wrap\" data-name=\"titulo-proyecto\"><input size=\"40\" maxlength=\"400\" class=\"wpcf7-form-control wpcf7-text wpcf7-validates-as-required\" aria-required=\"true\" aria-invalid=\"false\" value=\"\" type=\"text\" name=\"titulo-proyecto\" \/><\/span> <\/label>\n<\/p>\n<p><label>Logline del proyecto EN ESPA\u00d1OL:<br \/>\n<span class=\"wpcf7-form-control-wrap\" data-name=\"logline-es\"><input size=\"40\" maxlength=\"400\" class=\"wpcf7-form-control wpcf7-text wpcf7-validates-as-required\" aria-required=\"true\" aria-invalid=\"false\" value=\"\" type=\"text\" name=\"logline-es\" \/><\/span><br \/>\n<\/label>\n<\/p>\n<p><label>Logline del proyecto EN INGL\u00c9S:<br \/>\n<span class=\"wpcf7-form-control-wrap\" data-name=\"logline-en\"><input size=\"40\" maxlength=\"400\" class=\"wpcf7-form-control wpcf7-text wpcf7-validates-as-required\" aria-required=\"true\" aria-invalid=\"false\" value=\"\" type=\"text\" name=\"logline-en\" \/><\/span><br \/>\n<\/label>\n<\/p>\n<p><label>Sinopsis corta EN ESPA\u00d1OL, m\u00e1ximo 75 palabras<br \/>\n<span class=\"wpcf7-form-control-wrap sinopsis-corta-es\"><textarea cols=\"40\" rows=\"10\" class=\"wpcf7-form-control wpcf7-textarea wpcf7-validates-as-required\" data-maxwc=\"75\" aria-required=\"true\" aria-invalid=\"false\" name=\"sinopsis-corta-es\"><\/textarea><span class=\"wpcf7wc-msg\"><br \/><br \/><input type=\"text\" name=\"wcount_sinopsis-corta-es\" id=\"wcount_sinopsis-corta-es\" size=\"3\" maxlength=\"5\" style=\"text-align:center; width: auto\" value=\"\" readonly=\"readonly\" \/> words. Please limit to 75 words or less.<\/span><\/span><br \/>\n<\/label>\n<\/p>\n<p><label>Sinopsis corta en Ingl\u00e9s, m\u00e1ximo 75 palabras<br \/>\n<span class=\"wpcf7-form-control-wrap sinopsis-corta-en\"><textarea cols=\"40\" rows=\"10\" class=\"wpcf7-form-control wpcf7-textarea wpcf7-validates-as-required\" data-maxwc=\"75\" aria-required=\"true\" aria-invalid=\"false\" name=\"sinopsis-corta-en\"><\/textarea><span class=\"wpcf7wc-msg\"><br \/><br \/><input type=\"text\" name=\"wcount_sinopsis-corta-en\" id=\"wcount_sinopsis-corta-en\" size=\"3\" maxlength=\"5\" style=\"text-align:center; width: auto\" value=\"\" readonly=\"readonly\" \/> words. Please limit to 75 words or less.<\/span><\/span><br \/>\n<\/label>\n<\/p>\n<p><label >Nombre del productor\/es:<br \/>\n<span class=\"wpcf7-form-control-wrap\" data-name=\"nombre-productores2\"><input size=\"40\" maxlength=\"400\" class=\"wpcf7-form-control wpcf7-text wpcf7-validates-as-required\" aria-required=\"true\" aria-invalid=\"false\" value=\"\" type=\"text\" name=\"nombre-productores2\" \/><\/span><br \/>\n<\/label>\n<\/p>\n<p><label>Nombre de la productora:<br \/>\n<span class=\"wpcf7-form-control-wrap\" data-name=\"nombre-productora2\"><input size=\"40\" maxlength=\"400\" class=\"wpcf7-form-control wpcf7-text wpcf7-validates-as-required\" aria-required=\"true\" aria-invalid=\"false\" value=\"\" type=\"text\" name=\"nombre-productora2\" \/><\/span><br \/>\n<\/label>\n<\/p>\n<p><label>Correo electr\u00f3nico de la empresa productora\/productor:<br \/>\n<span class=\"wpcf7-form-control-wrap\" data-name=\"email-productor\"><input size=\"40\" maxlength=\"400\" class=\"wpcf7-form-control wpcf7-email wpcf7-validates-as-required wpcf7-text wpcf7-validates-as-email\" aria-required=\"true\" aria-invalid=\"false\" value=\"\" type=\"email\" name=\"email-productor\" \/><\/span><br \/>\n<\/label>\n<\/p>\n<p><label>Tel\u00e9fono de contacto de la empresa productora\/productor:<br \/>\n<span class=\"wpcf7-form-control-wrap\" data-name=\"tel-productor\"><input size=\"40\" maxlength=\"400\" class=\"wpcf7-form-control wpcf7-tel wpcf7-validates-as-required wpcf7-text wpcf7-validates-as-tel\" aria-required=\"true\" aria-invalid=\"false\" value=\"\" type=\"tel\" name=\"tel-productor\" \/><\/span><br \/>\n<\/label>\n<\/p>\n<p><label>Nombre del director\/a:<br \/>\n<span class=\"wpcf7-form-control-wrap\" data-name=\"nombre-director\"><input size=\"40\" maxlength=\"400\" class=\"wpcf7-form-control wpcf7-text wpcf7-validates-as-required\" aria-required=\"true\" aria-invalid=\"false\" value=\"\" type=\"text\" name=\"nombre-director\" \/><\/span><br \/>\n<\/label>\n<\/p>\n<p><label>Correo electr\u00f3nico del\/ de la director\/a:<br \/>\n<span class=\"wpcf7-form-control-wrap\" data-name=\"email-director\"><input size=\"40\" maxlength=\"400\" class=\"wpcf7-form-control wpcf7-email wpcf7-validates-as-required wpcf7-text wpcf7-validates-as-email\" aria-required=\"true\" aria-invalid=\"false\" value=\"\" type=\"email\" name=\"email-director\" \/><\/span><br \/>\n<\/label>\n<\/p>\n<p><label><br \/>\nTel\u00e9fono de contacto del\/ de la director\/a:<br \/>\n<span class=\"wpcf7-form-control-wrap\" data-name=\"tel-director\"><input size=\"40\" maxlength=\"400\" class=\"wpcf7-form-control wpcf7-tel wpcf7-validates-as-required wpcf7-text wpcf7-validates-as-tel\" aria-required=\"true\" aria-invalid=\"false\" value=\"\" type=\"tel\" name=\"tel-director\" \/><\/span><br \/>\n<\/label>\n<\/p>\n<p><label><br \/>\nNombre\/s y cargo\/s de la\/s persona\/s que acudir\u00edan a MECAS:<br \/>\n<span class=\"wpcf7-form-control-wrap nombre-cargo-acudir\"><textarea cols=\"40\" rows=\"10\" class=\"wpcf7-form-control wpcf7-textarea wpcf7-validates-as-required\" aria-required=\"true\" aria-invalid=\"false\" name=\"nombre-cargo-acudir\"><\/textarea><\/span><br \/>\n<\/label>\n<\/p>\n<p><label>Perfil del productor\/a y de la compa\u00f1\u00eda productora EN ESPA\u00d1OL, m\u00e1ximo 100 palabras<br \/>\n<span class=\"wpcf7-form-control-wrap perfil-productor-es\"><textarea cols=\"40\" rows=\"10\" class=\"wpcf7-form-control wpcf7-textarea wpcf7-validates-as-required\" data-maxwc=\"100\" aria-required=\"true\" aria-invalid=\"false\" name=\"perfil-productor-es\"><\/textarea><span class=\"wpcf7wc-msg\"><br \/><br \/><input type=\"text\" name=\"wcount_perfil-productor-es\" id=\"wcount_perfil-productor-es\" size=\"3\" maxlength=\"0\" style=\"text-align:center; width: auto\" value=\"\" readonly=\"readonly\" \/> words. Please limit to 100 words or less.<\/span><\/span><br \/>\n<\/label>\n<\/p>\n<p><label>Perfil del productor\/a y de la compa\u00f1\u00eda productora EN INGL\u00c9S, m\u00e1ximo 100 palabras<br \/>\n<span class=\"wpcf7-form-control-wrap perfil-productor-en\"><textarea cols=\"40\" rows=\"10\" class=\"wpcf7-form-control wpcf7-textarea wpcf7-validates-as-required\" data-maxwc=\"100\" aria-required=\"true\" aria-invalid=\"false\" name=\"perfil-productor-en\"><\/textarea><span class=\"wpcf7wc-msg\"><br \/><br \/><input type=\"text\" name=\"wcount_perfil-productor-en\" id=\"wcount_perfil-productor-en\" size=\"3\" maxlength=\"0\" style=\"text-align:center; width: auto\" value=\"\" readonly=\"readonly\" \/> words. Please limit to 100 words or less.<\/span><\/span><br \/>\n<\/label>\n<\/p>\n<p><label>Qu\u00e9 necesidades tiene tu proyecto o productora y qu\u00e9 esperas encontrar en ISLA MECAS y\/o en el Taller EAVE:<br \/>\n<span class=\"wpcf7-form-control-wrap necesidades-proyecto\"><textarea cols=\"40\" rows=\"10\" class=\"wpcf7-form-control wpcf7-textarea wpcf7-validates-as-required\" aria-required=\"true\" aria-invalid=\"false\" name=\"necesidades-proyecto\"><\/textarea><\/span><br \/>\n<\/label>\n<\/p>\n<p><label> Enlaces con trabajos previos del productor\/ de la empresa productora:<br \/>\n<span class=\"wpcf7-form-control-wrap enlaces-trabajos\"><textarea cols=\"40\" rows=\"10\" class=\"wpcf7-form-control wpcf7-textarea wpcf7-validates-as-required\" aria-required=\"true\" aria-invalid=\"false\" name=\"enlaces-trabajos\"><\/textarea><\/span><br \/>\n<\/label>\n<\/p>\n<p><label>Biograf\u00eda y filmograf\u00eda del director \/es EN ESPA\u00d1OL, m\u00e1ximo 75 palabras<br \/>\n<span class=\"wpcf7-form-control-wrap bio-film-es\"><textarea cols=\"40\" rows=\"10\" class=\"wpcf7-form-control wpcf7-textarea wpcf7-validates-as-required\" data-maxwc=\"75\" aria-required=\"true\" aria-invalid=\"false\" name=\"bio-film-es\"><\/textarea><span class=\"wpcf7wc-msg\"><br \/><br \/><input type=\"text\" name=\"wcount_bio-film-es\" id=\"wcount_bio-film-es\" size=\"3\" maxlength=\"5\" style=\"text-align:center; width: auto\" value=\"\" readonly=\"readonly\" \/> words. Please limit to 75 words or less.<\/span><\/span><br \/>\n<\/label>\n<\/p>\n<p><label>Biograf\u00eda y filmograf\u00eda del director \/es EN INGL\u00c9S, m\u00e1ximo 75 palabras<br \/>\n<span class=\"wpcf7-form-control-wrap bio-film-en\"><textarea cols=\"40\" rows=\"10\" class=\"wpcf7-form-control wpcf7-textarea wpcf7-validates-as-required\" data-maxwc=\"75\" aria-required=\"true\" aria-invalid=\"false\" name=\"bio-film-en\"><\/textarea><span class=\"wpcf7wc-msg\"><br \/><br \/><input type=\"text\" name=\"wcount_bio-film-en\" id=\"wcount_bio-film-en\" size=\"3\" maxlength=\"5\" style=\"text-align:center; width: auto\" value=\"\" readonly=\"readonly\" \/> words. Please limit to 75 words or less.<\/span><\/span><br \/>\n<\/label>\n<\/p>\n<p><label>Enlaces con trabajos previos del\/ de la directora\/a:<br \/>\n<span class=\"wpcf7-form-control-wrap enlaces-trabajos-previos\"><textarea cols=\"40\" rows=\"10\" class=\"wpcf7-form-control wpcf7-textarea wpcf7-validates-as-required\" aria-required=\"true\" aria-invalid=\"false\" name=\"enlaces-trabajos-previos\"><\/textarea><\/span><br \/>\n<\/label>\n<\/p>\n<p><label>Enlace con teaser del proyecto que presenta:<br \/>\n<span class=\"wpcf7-form-control-wrap enlace-teaser-proyecto\"><textarea cols=\"40\" rows=\"10\" class=\"wpcf7-form-control wpcf7-textarea wpcf7-validates-as-required\" aria-required=\"true\" aria-invalid=\"false\" name=\"enlace-teaser-proyecto\"><\/textarea><\/span><br \/>\n<\/label>\n<\/p>\n<p><label>\u00bfHas participado en un Lab o Mercado anteriormente? Indica en cu\u00e1les:<br \/>\n<span class=\"wpcf7-form-control-wrap has-participado-lab\"><textarea cols=\"40\" rows=\"10\" class=\"wpcf7-form-control wpcf7-textarea wpcf7-validates-as-required\" aria-required=\"true\" aria-invalid=\"false\" name=\"has-participado-lab\"><\/textarea><\/span><br \/>\n<\/label>\n<\/p>\n<p><label>Biograf\u00eda y filmograf\u00eda del director \/es EN ESPA\u00d1OL, m\u00e1ximo 75 palabras<br \/>\n<span class=\"wpcf7-form-control-wrap bio-film-es-2\"><textarea cols=\"40\" rows=\"10\" class=\"wpcf7-form-control wpcf7-textarea wpcf7-validates-as-required\" data-maxwc=\"75\" aria-required=\"true\" aria-invalid=\"false\" name=\"bio-film-es-2\"><\/textarea><span class=\"wpcf7wc-msg\"><br \/><br \/><input type=\"text\" name=\"wcount_bio-film-es-2\" id=\"wcount_bio-film-es-2\" size=\"3\" maxlength=\"5\" style=\"text-align:center; width: auto\" value=\"\" readonly=\"readonly\" \/> words. Please limit to 75 words or less.<\/span><\/span><br \/>\n<\/label>\n<\/p>\n<p><label>Biograf\u00eda y filmograf\u00eda del director \/es EN INGL\u00c9S, m\u00e1ximo 75 palabras<br \/>\n<span class=\"wpcf7-form-control-wrap bio-film-en-2\"><textarea cols=\"40\" rows=\"10\" class=\"wpcf7-form-control wpcf7-textarea wpcf7-validates-as-required\" data-maxwc=\"75\" aria-required=\"true\" aria-invalid=\"false\" name=\"bio-film-en-2\"><\/textarea><span class=\"wpcf7wc-msg\"><br \/><br \/><input type=\"text\" name=\"wcount_bio-film-en-2\" id=\"wcount_bio-film-en-2\" size=\"3\" maxlength=\"5\" style=\"text-align:center; width: auto\" value=\"\" readonly=\"readonly\" \/> words. Please limit to 75 words or less.<\/span><\/span><br \/>\n<\/label>\n<\/p>\n<hr \/>\n<h5> LAS IM\u00c1GENES ADJUNTAS NO PUEDEN EXCEDER LOS 3MB\n<\/h5>\n<p><label> Fotograf\u00eda del director<span style=\"color:red;\"><strong>(M\u00c1XIMO:3MB)<\/strong><\/span><\/label><br \/>\n<span class=\"wpcf7-form-control-wrap\" data-name=\"foto-director\"><input size=\"40\" class=\"wpcf7-form-control wpcf7-file wpcf7-validates-as-required\" accept=\"audio\/*,video\/*,image\/*\" aria-required=\"true\" aria-invalid=\"false\" type=\"file\" name=\"foto-director\" \/><\/span>\n<\/p>\n<p><label> Fotograf\u00eda del productor<span style=\"color:red;\"><strong>(M\u00c1XIMO:3MB)<\/strong><\/span><\/label><br \/>\n<span class=\"wpcf7-form-control-wrap\" data-name=\"foto-productor\"><input size=\"40\" class=\"wpcf7-form-control wpcf7-file wpcf7-validates-as-required\" accept=\"audio\/*,video\/*,image\/*\" aria-required=\"true\" aria-invalid=\"false\" type=\"file\" name=\"foto-productor\" \/><\/span>\n<\/p>\n<p><label> Imagen proyecto 1<span style=\"color:red;\"><strong>(M\u00c1XIMO:3MB)<\/strong><\/span><\/label><br \/>\n<span class=\"wpcf7-form-control-wrap\" data-name=\"imagen-proyecto1\"><input size=\"40\" class=\"wpcf7-form-control wpcf7-file wpcf7-validates-as-required\" accept=\"audio\/*,video\/*,image\/*\" aria-required=\"true\" aria-invalid=\"false\" type=\"file\" name=\"imagen-proyecto1\" \/><\/span>\n<\/p>\n<p><label> Imagen proyecto 2<span style=\"color:red;\"><strong>(M\u00c1XIMO:3MB)<\/strong><\/span><\/label><br \/>\n<span class=\"wpcf7-form-control-wrap\" data-name=\"imagen-proyecto2\"><input size=\"40\" class=\"wpcf7-form-control wpcf7-file wpcf7-validates-as-required\" accept=\"audio\/*,video\/*,image\/*\" aria-required=\"true\" aria-invalid=\"false\" type=\"file\" name=\"imagen-proyecto2\" \/><\/span>\n<\/p>\n<div style=\"color:black;font-weight:bold\">\n\t<p>Deber\u00e1n enviar a <a href=\"mailto:islamecas2021@gmail.com\">islamecas2021@gmail.com<\/a> un dossier que contenga:\n\t<\/p>\n<\/div>\n<ul>\n\t<li>\n\t\t<p>Ficha t\u00e9cnica del proyecto\n\t\t<\/p>\n\t<\/li>\n\t<li>\n\t\t<p>Sinopsis corta del proyecto\n\t\t<\/p>\n\t<\/li>\n\t<li>\n\t\t<p>Nota de intenciones del director\n\t\t<\/p>\n\t<\/li>\n\t<li>\n\t\t<p>CV del director\n\t\t<\/p>\n\t<\/li>\n\t<li>\n\t\t<p>Presupuesto general por partidas\u2013 <b>Budget Top Sheet<\/b><b><\/b>\n\t\t<\/p>\n\t<\/li>\n\t<li>\n\t\t<p>Plan de financiaci\u00f3n\n\t\t<\/p>\n\t<\/li>\n\t<li>\n\t\t<p>Estrategia de Festivales\n\t\t<\/p>\n\t<\/li>\n\t<li>\n\t\t<p>Im\u00e1genes y enlaces visuales de anteriores trabajos del director.\n\t\t<\/p>\n\t<\/li>\n\t<li>\n\t\t<p>Fotograf\u00eda y datos de contacto (tel\u00e9fono y correo electr\u00f3nico) de los participantes\n\t\t<\/p>\n\t<\/li>\n<\/ul>\n<p> *Los proyectos seleccionados se comprometen a incluir el logotipo de MECAS y de Gran Canaria Film Commission, organizadores y patrocinadores en los materiales, t\u00edtulos de cr\u00e9ditos, carteler\u00eda y publicidad. La organizaci\u00f3n pondr\u00e1 a disposici\u00f3n de los proyectos seleccionados archivos digitales de los logotipos.\n<\/p>\n<p><input class=\"wpcf7-form-control wpcf7-submit has-spinner\" type=\"submit\" value=\"Enviar\" \/>\n<\/p><div class=\"wpcf7-response-output\" aria-hidden=\"true\"><\/div>\n<\/form>\n<\/div>\n\n","protected":false},"excerpt":{"rendered":"","protected":false},"author":1,"featured_media":0,"parent":0,"menu_order":0,"comment_status":"closed","ping_status":"closed","template":"","meta":{"footnotes":""},"class_list":["post-1991","page","type-page","status-publish","hentry","no-post-thumbnail"],"_links":{"self":[{"href":"https:\/\/www.lpafilmfestival.com\/mecas\/index.php?rest_route=\/wp\/v2\/pages\/1991","targetHints":{"allow":["GET"]}}],"collection":[{"href":"https:\/\/www.lpafilmfestival.com\/mecas\/index.php?rest_route=\/wp\/v2\/pages"}],"about":[{"href":"https:\/\/www.lpafilmfestival.com\/mecas\/index.php?rest_route=\/wp\/v2\/types\/page"}],"author":[{"embeddable":true,"href":"https:\/\/www.lpafilmfestival.com\/mecas\/index.php?rest_route=\/wp\/v2\/users\/1"}],"replies":[{"embeddable":true,"href":"https:\/\/www.lpafilmfestival.com\/mecas\/index.php?rest_route=%2Fwp%2Fv2%2Fcomments&post=1991"}],"version-history":[{"count":5,"href":"https:\/\/www.lpafilmfestival.com\/mecas\/index.php?rest_route=\/wp\/v2\/pages\/1991\/revisions"}],"predecessor-version":[{"id":2266,"href":"https:\/\/www.lpafilmfestival.com\/mecas\/index.php?rest_route=\/wp\/v2\/pages\/1991\/revisions\/2266"}],"wp:attachment":[{"href":"https:\/\/www.lpafilmfestival.com\/mecas\/index.php?rest_route=%2Fwp%2Fv2%2Fmedia&parent=1991"}],"curies":[{"name":"wp","href":"https:\/\/api.w.org\/{rel}","templated":true}]}}