{"id":1326,"date":"2019-12-02T14:14:30","date_gmt":"2019-12-02T14:14:30","guid":{"rendered":"https:\/\/www.lpafilmfestival.com\/mecas?page_id=1326"},"modified":"2024-04-08T07:40:01","modified_gmt":"2024-04-08T07:40:01","slug":"about-films-to-be-made","status":"publish","type":"page","link":"https:\/\/www.lpafilmfestival.com\/mecas?page_id=1326","title":{"rendered":"About films to be made"},"content":{"rendered":"<div id=\"cs-content\" class=\"cs-content\"><\/div>\n","protected":false},"excerpt":{"rendered":"<p>ABOUT MECAS FOR FILMS TO BE MADECONVOCATORIA 2024 CERRADAMECAS es un espacio de encuentro para cineastas y productores\/as independientes que est\u00e9n haciendo pel\u00edculas de ficci\u00f3n, no ficci\u00f3n, narrativas y no narrativas o con car\u00e1cter experimental,\u00a0pel\u00edculas con una apuesta personal. MECAS apuesta por el talento y por la creaci\u00f3n de un cine que nace sin vocaci\u00f3n comercial, propuestas que se alejan &#8230;<\/p>\n","protected":false},"author":1,"featured_media":0,"parent":0,"menu_order":0,"comment_status":"closed","ping_status":"closed","template":"template-blank-4.php","meta":{"footnotes":""},"class_list":["post-1326","page","type-page","status-publish","hentry","no-post-thumbnail"],"_links":{"self":[{"href":"https:\/\/www.lpafilmfestival.com\/mecas\/index.php?rest_route=\/wp\/v2\/pages\/1326","targetHints":{"allow":["GET"]}}],"collection":[{"href":"https:\/\/www.lpafilmfestival.com\/mecas\/index.php?rest_route=\/wp\/v2\/pages"}],"about":[{"href":"https:\/\/www.lpafilmfestival.com\/mecas\/index.php?rest_route=\/wp\/v2\/types\/page"}],"author":[{"embeddable":true,"href":"https:\/\/www.lpafilmfestival.com\/mecas\/index.php?rest_route=\/wp\/v2\/users\/1"}],"replies":[{"embeddable":true,"href":"https:\/\/www.lpafilmfestival.com\/mecas\/index.php?rest_route=%2Fwp%2Fv2%2Fcomments&post=1326"}],"version-history":[{"count":64,"href":"https:\/\/www.lpafilmfestival.com\/mecas\/index.php?rest_route=\/wp\/v2\/pages\/1326\/revisions"}],"predecessor-version":[{"id":8779,"href":"https:\/\/www.lpafilmfestival.com\/mecas\/index.php?rest_route=\/wp\/v2\/pages\/1326\/revisions\/8779"}],"wp:attachment":[{"href":"https:\/\/www.lpafilmfestival.com\/mecas\/index.php?rest_route=%2Fwp%2Fv2%2Fmedia&parent=1326"}],"curies":[{"name":"wp","href":"https:\/\/api.w.org\/{rel}","templated":true}]}}