{"id":23534,"date":"2026-04-06T15:23:08","date_gmt":"2026-04-06T15:23:08","guid":{"rendered":"https:\/\/www.lpafilmfestival.com\/?page_id=23534"},"modified":"2026-04-06T15:41:49","modified_gmt":"2026-04-06T15:41:49","slug":"secciones-2026","status":"publish","type":"page","link":"https:\/\/www.lpafilmfestival.com\/en\/secciones-2026\/","title":{"rendered":"Secciones 2026 (Ingl\u00e9s)"},"content":{"rendered":"<div id=\"cs-content\" class=\"cs-content\"><\/div>\n","protected":false},"excerpt":{"rendered":"<p>SECTIONS25TH LAS PALMAS DE GRAN CANARIA INTERNATIONAL FILM FESTIVALFROM APRIL 23 TO MAY 3 Sections Panorama Spain Official Short Films Section Official Feature Films Section Special Tribute Screenings Camera Obscura Bande \u00e0 Part Bande \u00e0 Part &#8211; Untamed Present Bande \u00e0 Part in Retrospect &#8211; Ignacio Ag\u00fcero Canarias Cinema D\u00e9j\u00e0 vu &#8211; Restored Treasures Film Heritage Foundation The Freakiest Nights &#8230;<\/p>\n","protected":false},"author":1,"featured_media":0,"parent":0,"menu_order":0,"comment_status":"closed","ping_status":"closed","template":"template-blank-4.php","meta":{"_acf_changed":false,"rs_blank_template":"","rs_page_bg_color":"","slide_template_v7":"","footnotes":""},"class_list":["post-23534","page","type-page","status-publish","hentry","no-post-thumbnail"],"acf":[],"_links":{"self":[{"href":"https:\/\/www.lpafilmfestival.com\/en\/wp-json\/wp\/v2\/pages\/23534","targetHints":{"allow":["GET"]}}],"collection":[{"href":"https:\/\/www.lpafilmfestival.com\/en\/wp-json\/wp\/v2\/pages"}],"about":[{"href":"https:\/\/www.lpafilmfestival.com\/en\/wp-json\/wp\/v2\/types\/page"}],"author":[{"embeddable":true,"href":"https:\/\/www.lpafilmfestival.com\/en\/wp-json\/wp\/v2\/users\/1"}],"replies":[{"embeddable":true,"href":"https:\/\/www.lpafilmfestival.com\/en\/wp-json\/wp\/v2\/comments?post=23534"}],"version-history":[{"count":0,"href":"https:\/\/www.lpafilmfestival.com\/en\/wp-json\/wp\/v2\/pages\/23534\/revisions"}],"wp:attachment":[{"href":"https:\/\/www.lpafilmfestival.com\/en\/wp-json\/wp\/v2\/media?parent=23534"}],"curies":[{"name":"wp","href":"https:\/\/api.w.org\/{rel}","templated":true}]}}